{"id":15210,"date":"2024-01-27T10:00:53","date_gmt":"2024-01-27T09:00:53","guid":{"rendered":"https:\/\/gifted-nightingale.82-223-11-116.plesk.page\/?post_type=product&#038;p=15210"},"modified":"2025-03-04T10:32:09","modified_gmt":"2025-03-04T09:32:09","slug":"table-picasso-bas","status":"publish","type":"product","link":"https:\/\/reyma-mobiliario.com\/fr\/productos\/table-picasso-bas\/","title":{"rendered":"Table Picasso Bas"},"content":{"rendered":"<p>Table pour l&rsquo;hospitalit\u00e9 simple avec un style continu et \u00e9quilibr\u00e9, marqu\u00e9 par des lignes pures, id\u00e9al pour une utilisation en int\u00e9rieur, avec diff\u00e9rentes possibilit\u00e9s de finition et diff\u00e9rentes tailles de planches. Une variante plus moderne du design industriel, il peut \u00eatre m\u00e9lang\u00e9 avec des \u00e9l\u00e9ments r\u00e9tro, vintage ou rustiques.<\/p>\n","protected":false},"excerpt":{"rendered":"<p><strong> Hauteur: <\/strong> 45 cm<\/p>\n<p><strong> Mat\u00e9riaux <\/strong>:<br \/>\nPied en acier peint: noir, gris, blanc, d\u00e9co bois naturel ou d\u00e9co bois weng\u00e9<br \/>\nPlanches: Werzalit, Compact et m\u00e9lamine<\/p>\n<p><strong> Dimensions du tableau: <\/strong><br \/>\n60\u00d8, 50&#215;50 et 60&#215;60<\/p>\n","protected":false},"featured_media":35257,"template":"","meta":[],"product_brand":[],"product_cat":[],"product_tag":[1142,1169,1304,1166],"class_list":{"0":"post-15210","1":"product","2":"type-product","3":"status-publish","4":"has-post-thumbnail","6":"product_tag-acier","7":"product_tag-mobilier-interieur","8":"product_tag-serie-picasso-fr","9":"product_tag-tables-fr","11":"first","12":"instock","13":"shipping-taxable","14":"product-type-variable"},"aioseo_notices":[],"_links":{"self":[{"href":"https:\/\/reyma-mobiliario.com\/fr\/wp-json\/wp\/v2\/product\/15210","targetHints":{"allow":["GET"]}}],"collection":[{"href":"https:\/\/reyma-mobiliario.com\/fr\/wp-json\/wp\/v2\/product"}],"about":[{"href":"https:\/\/reyma-mobiliario.com\/fr\/wp-json\/wp\/v2\/types\/product"}],"wp:featuredmedia":[{"embeddable":true,"href":"https:\/\/reyma-mobiliario.com\/fr\/wp-json\/wp\/v2\/media\/35257"}],"wp:attachment":[{"href":"https:\/\/reyma-mobiliario.com\/fr\/wp-json\/wp\/v2\/media?parent=15210"}],"wp:term":[{"taxonomy":"product_brand","embeddable":true,"href":"https:\/\/reyma-mobiliario.com\/fr\/wp-json\/wp\/v2\/product_brand?post=15210"},{"taxonomy":"product_cat","embeddable":true,"href":"https:\/\/reyma-mobiliario.com\/fr\/wp-json\/wp\/v2\/product_cat?post=15210"},{"taxonomy":"product_tag","embeddable":true,"href":"https:\/\/reyma-mobiliario.com\/fr\/wp-json\/wp\/v2\/product_tag?post=15210"}],"curies":[{"name":"wp","href":"https:\/\/api.w.org\/{rel}","templated":true}]}}