{"id":15225,"date":"2020-02-03T10:00:19","date_gmt":"2020-04-27T10:42:20","guid":{"rendered":"https:\/\/gifted-nightingale.82-223-11-116.plesk.page\/?post_type=product&#038;p=15225"},"modified":"2023-11-10T12:57:16","modified_gmt":"2023-11-10T11:57:16","slug":"epoca-haute-42","status":"publish","type":"product","link":"https:\/\/reyma-mobiliario.com\/fr\/productos\/epoca-haute-42\/","title":{"rendered":"Table Epoca Haute 42"},"content":{"rendered":"<p>Table haute avec pied en fonte avec finition \u00e9tag\u00e9e. Il peut \u00eatre combin\u00e9 avec des colonnes en bois et sa r\u00e9sistance permet d&rsquo;utiliser n&rsquo;importe quel type de planche.<\/p>\n","protected":false},"excerpt":{"rendered":"<p><strong> Hauteur: <\/strong> 110 cm<\/p>\n<p><strong> Mat\u00e9riaux <\/strong>: pied rond en fonte 42 cm \u00d8<\/p>\n<p>Planches: Werzalit, Compact, melamine<\/p>\n<p><strong> Dimensions du tableau: <\/strong><br \/>\n60\u00d8 et 70\u00d8<\/p>\n","protected":false},"featured_media":17249,"template":"","meta":[],"product_brand":[],"product_cat":[1114,1119],"product_tag":[1162,1169,1345,1166],"class_list":{"0":"post-15225","1":"product","2":"type-product","3":"status-publish","4":"has-post-thumbnail","6":"product_cat-interieur","7":"product_cat-tables-dinterieur","8":"product_tag-fonte","9":"product_tag-mobilier-interieur","10":"product_tag-serie-epoca-fr","11":"product_tag-tables-fr","13":"first","14":"instock","15":"shipping-taxable","16":"product-type-simple"},"aioseo_notices":[],"_links":{"self":[{"href":"https:\/\/reyma-mobiliario.com\/fr\/wp-json\/wp\/v2\/product\/15225","targetHints":{"allow":["GET"]}}],"collection":[{"href":"https:\/\/reyma-mobiliario.com\/fr\/wp-json\/wp\/v2\/product"}],"about":[{"href":"https:\/\/reyma-mobiliario.com\/fr\/wp-json\/wp\/v2\/types\/product"}],"wp:featuredmedia":[{"embeddable":true,"href":"https:\/\/reyma-mobiliario.com\/fr\/wp-json\/wp\/v2\/media\/17249"}],"wp:attachment":[{"href":"https:\/\/reyma-mobiliario.com\/fr\/wp-json\/wp\/v2\/media?parent=15225"}],"wp:term":[{"taxonomy":"product_brand","embeddable":true,"href":"https:\/\/reyma-mobiliario.com\/fr\/wp-json\/wp\/v2\/product_brand?post=15225"},{"taxonomy":"product_cat","embeddable":true,"href":"https:\/\/reyma-mobiliario.com\/fr\/wp-json\/wp\/v2\/product_cat?post=15225"},{"taxonomy":"product_tag","embeddable":true,"href":"https:\/\/reyma-mobiliario.com\/fr\/wp-json\/wp\/v2\/product_tag?post=15225"}],"curies":[{"name":"wp","href":"https:\/\/api.w.org\/{rel}","templated":true}]}}