{"id":15237,"date":"2020-02-14T10:00:21","date_gmt":"2020-04-27T11:20:15","guid":{"rendered":"https:\/\/gifted-nightingale.82-223-11-116.plesk.page\/?post_type=product&#038;p=15237"},"modified":"2025-07-09T12:04:24","modified_gmt":"2025-07-09T10:04:24","slug":"table-paris-haute","status":"publish","type":"product","link":"https:\/\/reyma-mobiliario.com\/fr\/productos\/table-paris-haute\/","title":{"rendered":"Table Paris haute 7113"},"content":{"rendered":"<p>Table haute avec pied en fonte disponible avec 3 ou 4 supports. Con\u00e7u pour une utilisation int\u00e9rieure avec une touche \u00e9l\u00e9gante.<\/p>\n","protected":false},"excerpt":{"rendered":"<p><strong> Hauteur: <\/strong> 110 cm<\/p>\n<p><strong> Mat\u00e9riaux <\/strong>:<br \/>\nPied en fonte<br \/>\nPlanches: Werzalit, Compact et m\u00e9lamine.<\/p>\n<p><strong> Dimensions du tableau: <\/strong><br \/>\n60\u00d8, 70\u00d8.<\/p>\n","protected":false},"featured_media":17300,"template":"","meta":[],"product_brand":[],"product_cat":[1114,1119],"product_tag":[1162,1169,1299,1166],"class_list":{"0":"post-15237","1":"product","2":"type-product","3":"status-publish","4":"has-post-thumbnail","6":"product_cat-interieur","7":"product_cat-tables-dinterieur","8":"product_tag-fonte","9":"product_tag-mobilier-interieur","10":"product_tag-serie-paris-fr","11":"product_tag-tables-fr","13":"first","14":"instock","15":"shipping-taxable","16":"product-type-variable"},"aioseo_notices":[],"_links":{"self":[{"href":"https:\/\/reyma-mobiliario.com\/fr\/wp-json\/wp\/v2\/product\/15237","targetHints":{"allow":["GET"]}}],"collection":[{"href":"https:\/\/reyma-mobiliario.com\/fr\/wp-json\/wp\/v2\/product"}],"about":[{"href":"https:\/\/reyma-mobiliario.com\/fr\/wp-json\/wp\/v2\/types\/product"}],"wp:featuredmedia":[{"embeddable":true,"href":"https:\/\/reyma-mobiliario.com\/fr\/wp-json\/wp\/v2\/media\/17300"}],"wp:attachment":[{"href":"https:\/\/reyma-mobiliario.com\/fr\/wp-json\/wp\/v2\/media?parent=15237"}],"wp:term":[{"taxonomy":"product_brand","embeddable":true,"href":"https:\/\/reyma-mobiliario.com\/fr\/wp-json\/wp\/v2\/product_brand?post=15237"},{"taxonomy":"product_cat","embeddable":true,"href":"https:\/\/reyma-mobiliario.com\/fr\/wp-json\/wp\/v2\/product_cat?post=15237"},{"taxonomy":"product_tag","embeddable":true,"href":"https:\/\/reyma-mobiliario.com\/fr\/wp-json\/wp\/v2\/product_tag?post=15237"}],"curies":[{"name":"wp","href":"https:\/\/api.w.org\/{rel}","templated":true}]}}