{"id":15286,"date":"2020-03-10T10:00:06","date_gmt":"2020-04-28T06:59:44","guid":{"rendered":"https:\/\/gifted-nightingale.82-223-11-116.plesk.page\/?post_type=product&#038;p=15286"},"modified":"2025-05-19T17:17:41","modified_gmt":"2025-05-19T15:17:41","slug":"chaise-michigan","status":"publish","type":"product","link":"https:\/\/reyma-mobiliario.com\/fr\/productos\/chaise-michigan\/","title":{"rendered":"Chaise M\u00edchigan"},"content":{"rendered":"<p>Chaise pour les environnements int\u00e9rieurs avec une grande polyvalence. Il offre la possibilit\u00e9 de combiner plusieurs pieds avec diff\u00e9rentes finitions et mat\u00e9riaux; en plus de plusieurs bo\u00eetiers pour le configurer de la mani\u00e8re qui convient le mieux \u00e0 l&rsquo;environnement que nous voulons cr\u00e9er.<\/p>\n","protected":false},"excerpt":{"rendered":"<p><strong> Poids <\/strong>:<br \/>\nPied P-4: 4,95 kg<br \/>\nPied C-4: 6,20 kg<br \/>\nPied M-4: 5,05 kg<br \/>\npied M-4 formica: 5,45 Kg<\/p>\n<p><strong> Mat\u00e9riaux <\/strong>:<br \/>\nBo\u00eetier en bois: Kenya, \u00c9b\u00e8ne, Ch\u00eane vintage, Noyer vintage, Formica: Noyer am\u00e9ricain.<br \/>\nPied en acier: M-4 peint en gris ou noir; Bois naturel peint noir ou d\u00e9co C-4; o D\u00e9co P-4 en bois peint noir ou naturel.<\/p>\n<p><strong>Assemblage\u00a0:<\/strong><br \/>\nA assembler, sauf le pied M-4.<br \/>\nCarter + Pied<\/p>\n<p><strong> Dimensions <\/strong>:<br \/>\n<img loading=\"lazy\" decoding=\"async\" class=\"alignnone size-full wp-image-11924\" src=\"https:\/\/reyma-mobiliario.com\/wp-content\/uploads\/2017\/10\/michigan-silla-m-4.jpg\" alt=\"Dimensions chaise M\u00edchigan M-4 REYMA\" width=\"120\" height=\"120\" \/><img loading=\"lazy\" decoding=\"async\" class=\"alignnone size-full wp-image-11924\" src=\"https:\/\/reyma-mobiliario.com\/wp-content\/uploads\/2017\/10\/michigan-silla-c-4.jpg\" alt=\"Dimensions chaise M\u00edchigan C-4 REYMA\" width=\"120\" height=\"120\" \/><img loading=\"lazy\" decoding=\"async\" class=\"alignnone size-full wp-image-11924\" src=\"https:\/\/reyma-mobiliario.com\/wp-content\/uploads\/2017\/10\/michigan-silla-p-4.jpg\" alt=\"Dimensions chaise M\u00edchigan P-4 REYMA\" width=\"120\" height=\"120\" \/><img loading=\"lazy\" decoding=\"async\" class=\"alignnone size-full wp-image-11924\" src=\"https:\/\/reyma-mobiliario.com\/wp-content\/uploads\/2017\/10\/michigan-silla-pata-madera.jpg\" alt=\"Dimensions chaise M\u00edchigan pata Madera REYMA\" width=\"120\" height=\"120\" \/><\/p>\n","protected":false},"featured_media":15318,"template":"","meta":[],"product_brand":[],"product_cat":[1121,1114],"product_tag":[1347,1169,1171,1280],"class_list":{"0":"post-15286","1":"product","2":"type-product","3":"status-publish","4":"has-post-thumbnail","6":"product_cat-chaises-dinterieur","7":"product_cat-interieur","8":"product_tag-chaises","9":"product_tag-mobilier-interieur","10":"product_tag-nouvelles-2018","11":"product_tag-serie-michigan-fr","13":"first","14":"instock","15":"shipping-taxable","16":"product-type-variable"},"aioseo_notices":[],"_links":{"self":[{"href":"https:\/\/reyma-mobiliario.com\/fr\/wp-json\/wp\/v2\/product\/15286","targetHints":{"allow":["GET"]}}],"collection":[{"href":"https:\/\/reyma-mobiliario.com\/fr\/wp-json\/wp\/v2\/product"}],"about":[{"href":"https:\/\/reyma-mobiliario.com\/fr\/wp-json\/wp\/v2\/types\/product"}],"wp:featuredmedia":[{"embeddable":true,"href":"https:\/\/reyma-mobiliario.com\/fr\/wp-json\/wp\/v2\/media\/15318"}],"wp:attachment":[{"href":"https:\/\/reyma-mobiliario.com\/fr\/wp-json\/wp\/v2\/media?parent=15286"}],"wp:term":[{"taxonomy":"product_brand","embeddable":true,"href":"https:\/\/reyma-mobiliario.com\/fr\/wp-json\/wp\/v2\/product_brand?post=15286"},{"taxonomy":"product_cat","embeddable":true,"href":"https:\/\/reyma-mobiliario.com\/fr\/wp-json\/wp\/v2\/product_cat?post=15286"},{"taxonomy":"product_tag","embeddable":true,"href":"https:\/\/reyma-mobiliario.com\/fr\/wp-json\/wp\/v2\/product_tag?post=15286"}],"curies":[{"name":"wp","href":"https:\/\/api.w.org\/{rel}","templated":true}]}}