{"id":15353,"date":"2020-01-22T10:00:24","date_gmt":"2020-04-28T07:09:01","guid":{"rendered":"https:\/\/gifted-nightingale.82-223-11-116.plesk.page\/?post_type=product&#038;p=15353"},"modified":"2025-07-09T08:30:07","modified_gmt":"2025-07-09T06:30:07","slug":"table-vintage-gala","status":"publish","type":"product","link":"https:\/\/reyma-mobiliario.com\/fr\/productos\/table-vintage-gala\/","title":{"rendered":"Table Vintage Gala"},"content":{"rendered":"<p>Table avec structure en aluminium et pieds en bois sp\u00e9ciaux pour une utilisation en int\u00e9rieur. Son design mixte entre l&rsquo;aluminium et le bois en fait un produit diff\u00e9rent des autres tables. Convient aux planches compactes de toutes les couleurs.<\/p>\n","protected":false},"excerpt":{"rendered":"<p><strong> Hauteur: <\/strong> 75 cm<\/p>\n<p><strong> Mat\u00e9riaux <\/strong>:<br \/>\nCadre en aluminium<br \/>\nPieds en h\u00eatre et h\u00eatre laqu\u00e9 blanc<br \/>\nPlateaux: compactes<\/p>\n<p><strong> Dimensions du plateaux: <\/strong><br \/>\n60&#215;60, 70&#215;70, 80&#215;80, 110&#215;70 et 120&#215;80<\/p>\n","protected":false},"featured_media":34513,"template":"","meta":[],"product_brand":[],"product_cat":[1114,1119],"product_tag":[1144,1169,1175,1246,1166],"class_list":{"0":"post-15353","1":"product","2":"type-product","3":"status-publish","4":"has-post-thumbnail","6":"product_cat-interieur","7":"product_cat-tables-dinterieur","8":"product_tag-aluminium","9":"product_tag-mobilier-interieur","10":"product_tag-pieds-en-hetre","11":"product_tag-serie-gala-fr","12":"product_tag-tables-fr","14":"first","15":"instock","16":"shipping-taxable","17":"product-type-variable"},"aioseo_notices":[],"_links":{"self":[{"href":"https:\/\/reyma-mobiliario.com\/fr\/wp-json\/wp\/v2\/product\/15353","targetHints":{"allow":["GET"]}}],"collection":[{"href":"https:\/\/reyma-mobiliario.com\/fr\/wp-json\/wp\/v2\/product"}],"about":[{"href":"https:\/\/reyma-mobiliario.com\/fr\/wp-json\/wp\/v2\/types\/product"}],"wp:featuredmedia":[{"embeddable":true,"href":"https:\/\/reyma-mobiliario.com\/fr\/wp-json\/wp\/v2\/media\/34513"}],"wp:attachment":[{"href":"https:\/\/reyma-mobiliario.com\/fr\/wp-json\/wp\/v2\/media?parent=15353"}],"wp:term":[{"taxonomy":"product_brand","embeddable":true,"href":"https:\/\/reyma-mobiliario.com\/fr\/wp-json\/wp\/v2\/product_brand?post=15353"},{"taxonomy":"product_cat","embeddable":true,"href":"https:\/\/reyma-mobiliario.com\/fr\/wp-json\/wp\/v2\/product_cat?post=15353"},{"taxonomy":"product_tag","embeddable":true,"href":"https:\/\/reyma-mobiliario.com\/fr\/wp-json\/wp\/v2\/product_tag?post=15353"}],"curies":[{"name":"wp","href":"https:\/\/api.w.org\/{rel}","templated":true}]}}