{"id":15358,"date":"2020-01-15T10:00:47","date_gmt":"2020-04-28T07:11:24","guid":{"rendered":"https:\/\/gifted-nightingale.82-223-11-116.plesk.page\/?post_type=product&#038;p=15358"},"modified":"2023-11-10T12:58:02","modified_gmt":"2023-11-10T11:58:02","slug":"epoca-42","status":"publish","type":"product","link":"https:\/\/reyma-mobiliario.com\/fr\/productos\/epoca-42\/","title":{"rendered":"Table \u00c9poca 42"},"content":{"rendered":"<p>Table design industriel en fonte avec finition \u00e9tag\u00e9e sur la base. Sa structure r\u00e9sistante supporte toutes sortes de planches et est destin\u00e9e aux environnements int\u00e9rieurs.<\/p>\n<div><\/div>\n","protected":false},"excerpt":{"rendered":"<p><strong> Hauteur: <\/strong> 75 cm<\/p>\n<p><strong> Mat\u00e9riaux <\/strong>:<br \/>\nPied de coul\u00e9e en fer base ronde 42 cm \u00d8 \u00e9tag\u00e9<br \/>\nColonne: Fonte ou bois<\/p>\n<p>Planches: Werzalit, compact et m\u00e9lamine.<\/p>\n<p>Mesures de la carte<br \/>\n60\u00d8, 70\u00d8, 80\u00d8, 60&#215;60 et 70&#215;70<\/p>\n<div><\/div>\n","protected":false},"featured_media":17492,"template":"","meta":[],"product_brand":[],"product_cat":[1114,1119],"product_tag":[1151,1162,1169,1345,1166],"class_list":{"0":"post-15358","1":"product","2":"type-product","3":"status-publish","4":"has-post-thumbnail","6":"product_cat-interieur","7":"product_cat-tables-dinterieur","8":"product_tag-base-ronde","9":"product_tag-fonte","10":"product_tag-mobilier-interieur","11":"product_tag-serie-epoca-fr","12":"product_tag-tables-fr","14":"first","15":"instock","16":"shipping-taxable","17":"product-type-variable"},"aioseo_notices":[],"_links":{"self":[{"href":"https:\/\/reyma-mobiliario.com\/fr\/wp-json\/wp\/v2\/product\/15358","targetHints":{"allow":["GET"]}}],"collection":[{"href":"https:\/\/reyma-mobiliario.com\/fr\/wp-json\/wp\/v2\/product"}],"about":[{"href":"https:\/\/reyma-mobiliario.com\/fr\/wp-json\/wp\/v2\/types\/product"}],"wp:featuredmedia":[{"embeddable":true,"href":"https:\/\/reyma-mobiliario.com\/fr\/wp-json\/wp\/v2\/media\/17492"}],"wp:attachment":[{"href":"https:\/\/reyma-mobiliario.com\/fr\/wp-json\/wp\/v2\/media?parent=15358"}],"wp:term":[{"taxonomy":"product_brand","embeddable":true,"href":"https:\/\/reyma-mobiliario.com\/fr\/wp-json\/wp\/v2\/product_brand?post=15358"},{"taxonomy":"product_cat","embeddable":true,"href":"https:\/\/reyma-mobiliario.com\/fr\/wp-json\/wp\/v2\/product_cat?post=15358"},{"taxonomy":"product_tag","embeddable":true,"href":"https:\/\/reyma-mobiliario.com\/fr\/wp-json\/wp\/v2\/product_tag?post=15358"}],"curies":[{"name":"wp","href":"https:\/\/api.w.org\/{rel}","templated":true}]}}