{"id":15373,"date":"2020-05-04T10:00:50","date_gmt":"2020-04-28T07:44:44","guid":{"rendered":"https:\/\/gifted-nightingale.82-223-11-116.plesk.page\/?post_type=product&#038;p=15373"},"modified":"2023-11-20T18:09:53","modified_gmt":"2023-11-20T17:09:53","slug":"chaise-de-bar-picasso","status":"publish","type":"product","link":"https:\/\/reyma-mobiliario.com\/fr\/productos\/chaise-de-bar-picasso\/","title":{"rendered":"Chaise de bar Picasso"},"content":{"rendered":"<p>Chaise de bar  \u00e0 usage int\u00e9rieur avec bo\u00eetier en plastique. Il permet deux mod\u00e8les de sol avec diff\u00e9rentes finitions et plusieurs couleurs dans des bo\u00eetiers diff\u00e9rents.<\/p>\n<div><\/div>\n<div><\/div>\n","protected":false},"excerpt":{"rendered":"<p><strong> Poids <\/strong>:<br \/>\nPied X-4: 7,50 kg<br \/>\nPied P-4: 6,45 kg<\/p>\n<p><strong> Mat\u00e9riaux <\/strong>:<br \/>\nCoque en plastique: blanc, noir, rouge, caramel, gris et cachemire<br \/>\nPied en acier peint X4: D\u00e9co bois noir et naturel et d\u00e9co bois weng\u00e9.<br \/>\nPied en aluminium peint X4: gris et blanc.<\/p>\n<p>Pied P4 en acier peint: d\u00e9co bois noir et naturel.<\/p>\n<p><strong>Assemblage\u00a0:<\/strong><br \/>\nBesoin d&rsquo;assemblage.<br \/>\nAssise + Pied<\/p>\n<p><strong> Dimensions <\/strong>:<br \/>\n<img loading=\"lazy\" decoding=\"async\" class=\"alignnone size-full wp-image-11924\" src=\"https:\/\/reyma-mobiliario.com\/wp-content\/uploads\/2017\/10\/picasso-p4-banqueta.jpg\" alt=\"Dimensions Tabouret Picasso P-4 REYMA\" width=\"120\" height=\"120\" \/><img loading=\"lazy\" decoding=\"async\" class=\"alignnone size-full wp-image-11924\" src=\"https:\/\/reyma-mobiliario.com\/wp-content\/uploads\/2017\/10\/picasso-x4-banqueta.jpg\" alt=\"Dimensions Tabouret Picasso X-4 REYMA\" width=\"120\" height=\"120\" \/><\/p>\n<div><\/div>\n<div><\/div>\n","protected":false},"featured_media":15377,"template":"","meta":[],"product_brand":[],"product_cat":[1114,1116],"product_tag":[1169,1171,1304,1147],"class_list":{"0":"post-15373","1":"product","2":"type-product","3":"status-publish","4":"has-post-thumbnail","6":"product_cat-interieur","7":"product_cat-tabouret-dinterieur","8":"product_tag-mobilier-interieur","9":"product_tag-nouvelles-2018","10":"product_tag-serie-picasso-fr","11":"product_tag-tabourets","13":"first","14":"instock","15":"shipping-taxable","16":"purchasable","17":"product-type-variable"},"aioseo_notices":[],"_links":{"self":[{"href":"https:\/\/reyma-mobiliario.com\/fr\/wp-json\/wp\/v2\/product\/15373","targetHints":{"allow":["GET"]}}],"collection":[{"href":"https:\/\/reyma-mobiliario.com\/fr\/wp-json\/wp\/v2\/product"}],"about":[{"href":"https:\/\/reyma-mobiliario.com\/fr\/wp-json\/wp\/v2\/types\/product"}],"wp:featuredmedia":[{"embeddable":true,"href":"https:\/\/reyma-mobiliario.com\/fr\/wp-json\/wp\/v2\/media\/15377"}],"wp:attachment":[{"href":"https:\/\/reyma-mobiliario.com\/fr\/wp-json\/wp\/v2\/media?parent=15373"}],"wp:term":[{"taxonomy":"product_brand","embeddable":true,"href":"https:\/\/reyma-mobiliario.com\/fr\/wp-json\/wp\/v2\/product_brand?post=15373"},{"taxonomy":"product_cat","embeddable":true,"href":"https:\/\/reyma-mobiliario.com\/fr\/wp-json\/wp\/v2\/product_cat?post=15373"},{"taxonomy":"product_tag","embeddable":true,"href":"https:\/\/reyma-mobiliario.com\/fr\/wp-json\/wp\/v2\/product_tag?post=15373"}],"curies":[{"name":"wp","href":"https:\/\/api.w.org\/{rel}","templated":true}]}}