{"id":15413,"date":"2019-12-04T10:00:18","date_gmt":"2020-04-28T07:53:16","guid":{"rendered":"https:\/\/gifted-nightingale.82-223-11-116.plesk.page\/?post_type=product&#038;p=15413"},"modified":"2023-11-10T13:45:27","modified_gmt":"2023-11-10T12:45:27","slug":"table-oslo-haute-f-f","status":"publish","type":"product","link":"https:\/\/reyma-mobiliario.com\/fr\/productos\/table-oslo-haute-f-f\/","title":{"rendered":"Table Oslo Haute F.F."},"content":{"rendered":"<p>Table haute disponible avec trois ou quatre supports con\u00e7us pour une utilisation en int\u00e9rieur. Il est en fonte et son style industriel vintage le rend parfait pour tout environnement int\u00e9rieur.<\/p>\n","protected":false},"excerpt":{"rendered":"<p><strong> Hauteur: <\/strong> 110 cm<\/p>\n<p><strong> Mat\u00e9riaux <\/strong>:<br \/>\nPied en fonte<\/p>\n<p>Plateaux: Werzalit, compact et m\u00e9lamine.<\/p>\n<p><strong> Dimensions du plateaux: <\/strong><br \/>\n60\u00d8, 70\u00d8, 60&#215;60 et 70&#215;70<\/p>\n","protected":false},"featured_media":17294,"template":"","meta":[],"product_brand":[],"product_cat":[1114,1119],"product_tag":[1162,1169,1295,1166],"class_list":{"0":"post-15413","1":"product","2":"type-product","3":"status-publish","4":"has-post-thumbnail","6":"product_cat-interieur","7":"product_cat-tables-dinterieur","8":"product_tag-fonte","9":"product_tag-mobilier-interieur","10":"product_tag-serie-oslo-fr","11":"product_tag-tables-fr","13":"first","14":"instock","15":"shipping-taxable","16":"product-type-variable"},"aioseo_notices":[],"_links":{"self":[{"href":"https:\/\/reyma-mobiliario.com\/fr\/wp-json\/wp\/v2\/product\/15413","targetHints":{"allow":["GET"]}}],"collection":[{"href":"https:\/\/reyma-mobiliario.com\/fr\/wp-json\/wp\/v2\/product"}],"about":[{"href":"https:\/\/reyma-mobiliario.com\/fr\/wp-json\/wp\/v2\/types\/product"}],"wp:featuredmedia":[{"embeddable":true,"href":"https:\/\/reyma-mobiliario.com\/fr\/wp-json\/wp\/v2\/media\/17294"}],"wp:attachment":[{"href":"https:\/\/reyma-mobiliario.com\/fr\/wp-json\/wp\/v2\/media?parent=15413"}],"wp:term":[{"taxonomy":"product_brand","embeddable":true,"href":"https:\/\/reyma-mobiliario.com\/fr\/wp-json\/wp\/v2\/product_brand?post=15413"},{"taxonomy":"product_cat","embeddable":true,"href":"https:\/\/reyma-mobiliario.com\/fr\/wp-json\/wp\/v2\/product_cat?post=15413"},{"taxonomy":"product_tag","embeddable":true,"href":"https:\/\/reyma-mobiliario.com\/fr\/wp-json\/wp\/v2\/product_tag?post=15413"}],"curies":[{"name":"wp","href":"https:\/\/api.w.org\/{rel}","templated":true}]}}