{"id":15420,"date":"2020-03-07T10:00:56","date_gmt":"2020-04-28T08:12:49","guid":{"rendered":"https:\/\/gifted-nightingale.82-223-11-116.plesk.page\/?post_type=product&#038;p=15420"},"modified":"2023-11-10T12:55:27","modified_gmt":"2023-11-10T11:55:27","slug":"piramide","status":"publish","type":"product","link":"https:\/\/reyma-mobiliario.com\/fr\/productos\/piramide\/","title":{"rendered":"Table Pir\u00e1mide 4160"},"content":{"rendered":"<p>Table en fonte avec style vintage industriel et base carr\u00e9e en forme de pyramide. Sp\u00e9cialement cr\u00e9\u00e9 pour une utilisation en int\u00e9rieur.<\/p>\n","protected":false},"excerpt":{"rendered":"<p><strong> Hauteur: <\/strong> 75 cm<\/p>\n<p><strong> Mat\u00e9riaux <\/strong>:<br \/>\nPied en fonte avec base carr\u00e9e 42&#215;42<\/p>\n<p>Planches: Werzalit, compact et m\u00e9lamine.<\/p>\n<p><strong> Dimensions du tableau: <\/strong><br \/>\n90\u00d8, 120\u00d8, 60&#215;60, 70&#215;70, 80&#215;80 et 90&#215;90<\/p>\n","protected":false},"featured_media":15425,"template":"","meta":[],"product_brand":[],"product_cat":[1114,1119],"product_tag":[1149,1162,1169,1809,1166],"class_list":{"0":"post-15420","1":"product","2":"type-product","3":"status-publish","4":"has-post-thumbnail","6":"product_cat-interieur","7":"product_cat-tables-dinterieur","8":"product_tag-base-carree","9":"product_tag-fonte","10":"product_tag-mobilier-interieur","11":"product_tag-serie-piramide-fr","12":"product_tag-tables-fr","14":"first","15":"instock","16":"shipping-taxable","17":"product-type-simple"},"aioseo_notices":[],"_links":{"self":[{"href":"https:\/\/reyma-mobiliario.com\/fr\/wp-json\/wp\/v2\/product\/15420","targetHints":{"allow":["GET"]}}],"collection":[{"href":"https:\/\/reyma-mobiliario.com\/fr\/wp-json\/wp\/v2\/product"}],"about":[{"href":"https:\/\/reyma-mobiliario.com\/fr\/wp-json\/wp\/v2\/types\/product"}],"wp:featuredmedia":[{"embeddable":true,"href":"https:\/\/reyma-mobiliario.com\/fr\/wp-json\/wp\/v2\/media\/15425"}],"wp:attachment":[{"href":"https:\/\/reyma-mobiliario.com\/fr\/wp-json\/wp\/v2\/media?parent=15420"}],"wp:term":[{"taxonomy":"product_brand","embeddable":true,"href":"https:\/\/reyma-mobiliario.com\/fr\/wp-json\/wp\/v2\/product_brand?post=15420"},{"taxonomy":"product_cat","embeddable":true,"href":"https:\/\/reyma-mobiliario.com\/fr\/wp-json\/wp\/v2\/product_cat?post=15420"},{"taxonomy":"product_tag","embeddable":true,"href":"https:\/\/reyma-mobiliario.com\/fr\/wp-json\/wp\/v2\/product_tag?post=15420"}],"curies":[{"name":"wp","href":"https:\/\/api.w.org\/{rel}","templated":true}]}}