{"id":15427,"date":"2019-12-02T10:00:18","date_gmt":"2020-04-28T08:17:00","guid":{"rendered":"https:\/\/gifted-nightingale.82-223-11-116.plesk.page\/?post_type=product&#038;p=15427"},"modified":"2023-11-10T13:45:50","modified_gmt":"2023-11-10T12:45:50","slug":"table-epoca-haute","status":"publish","type":"product","link":"https:\/\/reyma-mobiliario.com\/fr\/productos\/table-epoca-haute\/","title":{"rendered":"Table \u00c9poca Haute"},"content":{"rendered":"<p>Table haute en fonte avec base en gradin. Son design industriel vintage peut \u00eatre configur\u00e9 avec une colonne en fer ou en bois et accepte tout type de planche.<\/p>\n","protected":false},"excerpt":{"rendered":"<p><strong> Hauteur: <\/strong> 110 cm<\/p>\n<p><strong> Mat\u00e9riaux <\/strong>:<br \/>\nPied en fonte avec base carr\u00e9e 42&#215;42<br \/>\nColonne de moulage en fer ou en bois<\/p>\n<p>Plateaux: Werzalit, compact et m\u00e9lamine.<\/p>\n<p><strong> Dimensions du plateaux: <\/strong><br \/>\n60&#215;60 et 70&#215;70<\/p>\n","protected":false},"featured_media":15432,"template":"","meta":[],"product_brand":[],"product_cat":[1114,1119],"product_tag":[1149,1162,1169,1345,1166],"class_list":{"0":"post-15427","1":"product","2":"type-product","3":"status-publish","4":"has-post-thumbnail","6":"product_cat-interieur","7":"product_cat-tables-dinterieur","8":"product_tag-base-carree","9":"product_tag-fonte","10":"product_tag-mobilier-interieur","11":"product_tag-serie-epoca-fr","12":"product_tag-tables-fr","14":"first","15":"instock","16":"shipping-taxable","17":"product-type-variable"},"aioseo_notices":[],"_links":{"self":[{"href":"https:\/\/reyma-mobiliario.com\/fr\/wp-json\/wp\/v2\/product\/15427","targetHints":{"allow":["GET"]}}],"collection":[{"href":"https:\/\/reyma-mobiliario.com\/fr\/wp-json\/wp\/v2\/product"}],"about":[{"href":"https:\/\/reyma-mobiliario.com\/fr\/wp-json\/wp\/v2\/types\/product"}],"wp:featuredmedia":[{"embeddable":true,"href":"https:\/\/reyma-mobiliario.com\/fr\/wp-json\/wp\/v2\/media\/15432"}],"wp:attachment":[{"href":"https:\/\/reyma-mobiliario.com\/fr\/wp-json\/wp\/v2\/media?parent=15427"}],"wp:term":[{"taxonomy":"product_brand","embeddable":true,"href":"https:\/\/reyma-mobiliario.com\/fr\/wp-json\/wp\/v2\/product_brand?post=15427"},{"taxonomy":"product_cat","embeddable":true,"href":"https:\/\/reyma-mobiliario.com\/fr\/wp-json\/wp\/v2\/product_cat?post=15427"},{"taxonomy":"product_tag","embeddable":true,"href":"https:\/\/reyma-mobiliario.com\/fr\/wp-json\/wp\/v2\/product_tag?post=15427"}],"curies":[{"name":"wp","href":"https:\/\/api.w.org\/{rel}","templated":true}]}}