{"id":15433,"date":"2016-12-10T10:00:10","date_gmt":"2020-04-28T08:37:29","guid":{"rendered":"https:\/\/gifted-nightingale.82-223-11-116.plesk.page\/?post_type=product&#038;p=15433"},"modified":"2023-11-13T08:56:12","modified_gmt":"2023-11-13T07:56:12","slug":"table-epoca-4620","status":"publish","type":"product","link":"https:\/\/reyma-mobiliario.com\/fr\/productos\/table-epoca-4620\/","title":{"rendered":"Table \u00c9poca 4620"},"content":{"rendered":"<p>Table avec structure en fonte et base en gradin au design vintage industriel moderne. Il est sp\u00e9cial pour une utilisation int\u00e9rieure et prend en charge tout type de planche de diff\u00e9rentes tailles.<\/p>\n","protected":false},"excerpt":{"rendered":"<p><strong> Hauteur: <\/strong> 75 cm<\/p>\n<p><strong> Mat\u00e9riaux <\/strong>:<br \/>\nPied en fonte avec base carr\u00e9e 42&#215;42 ou rectangulaire 40&#215;55<\/p>\n<p>Plateaux finies: Werzalit, Compact et M\u00e9lamine.<\/p>\n<p><strong> Dimensions du plateaux: <\/strong><br \/>\n90\u00d8, 120\u00d8, 60&#215;60, 70&#215;70, 80&#215;80, 90&#215;90, 100&#215;60, 110&#215;70 et 120&#215;80<\/p>\n","protected":false},"featured_media":15439,"template":"","meta":[],"product_brand":[],"product_cat":[1114,1119],"product_tag":[1149,1150,1162,1169,1345,1166],"class_list":{"0":"post-15433","1":"product","2":"type-product","3":"status-publish","4":"has-post-thumbnail","6":"product_cat-interieur","7":"product_cat-tables-dinterieur","8":"product_tag-base-carree","9":"product_tag-base-rectangulaire","10":"product_tag-fonte","11":"product_tag-mobilier-interieur","12":"product_tag-serie-epoca-fr","13":"product_tag-tables-fr","15":"first","16":"instock","17":"shipping-taxable","18":"product-type-variable"},"aioseo_notices":[],"_links":{"self":[{"href":"https:\/\/reyma-mobiliario.com\/fr\/wp-json\/wp\/v2\/product\/15433","targetHints":{"allow":["GET"]}}],"collection":[{"href":"https:\/\/reyma-mobiliario.com\/fr\/wp-json\/wp\/v2\/product"}],"about":[{"href":"https:\/\/reyma-mobiliario.com\/fr\/wp-json\/wp\/v2\/types\/product"}],"wp:featuredmedia":[{"embeddable":true,"href":"https:\/\/reyma-mobiliario.com\/fr\/wp-json\/wp\/v2\/media\/15439"}],"wp:attachment":[{"href":"https:\/\/reyma-mobiliario.com\/fr\/wp-json\/wp\/v2\/media?parent=15433"}],"wp:term":[{"taxonomy":"product_brand","embeddable":true,"href":"https:\/\/reyma-mobiliario.com\/fr\/wp-json\/wp\/v2\/product_brand?post=15433"},{"taxonomy":"product_cat","embeddable":true,"href":"https:\/\/reyma-mobiliario.com\/fr\/wp-json\/wp\/v2\/product_cat?post=15433"},{"taxonomy":"product_tag","embeddable":true,"href":"https:\/\/reyma-mobiliario.com\/fr\/wp-json\/wp\/v2\/product_tag?post=15433"}],"curies":[{"name":"wp","href":"https:\/\/api.w.org\/{rel}","templated":true}]}}