{"id":15447,"date":"2019-10-10T10:00:50","date_gmt":"2020-04-28T08:56:27","guid":{"rendered":"https:\/\/gifted-nightingale.82-223-11-116.plesk.page\/?post_type=product&#038;p=15447"},"modified":"2021-10-14T17:53:55","modified_gmt":"2021-10-14T15:53:55","slug":"fauteuil-tokio","status":"publish","type":"product","link":"https:\/\/reyma-mobiliario.com\/fr\/productos\/fauteuil-tokio\/","title":{"rendered":"Fauteuil Tokio"},"content":{"rendered":"<p>Fauteuil avec structure chrom\u00e9e et design aux lignes simples. Fabriqu\u00e9 pour un usage int\u00e9rieur, il permet la configuration du si\u00e8ge avec diff\u00e9rentes couleurs de rembourrage.<\/p>\n","protected":false},"excerpt":{"rendered":"<p><strong> Poids <\/strong>: 5,55 kg<\/p>\n<p><strong> Mat\u00e9riaux <\/strong>:<br \/>\nStructure chrom\u00e9e<br \/>\nDossier en mesh<br \/>\nSi\u00e8ge rembourr\u00e9: noir, bleu et rouge<\/p>\n<p><strong> Dimensions <\/strong>:<\/p>\n<p><img loading=\"lazy\" decoding=\"async\" class=\"alignnone size-full wp-image-11924\" src=\"https:\/\/reyma-mobiliario.com\/wp-content\/uploads\/2017\/09\/tokio-sillon.jpg\" alt=\"Dimensions fauteuil Tokio REYMA\" width=\"120\" height=\"120\" \/><\/p>\n","protected":false},"featured_media":15448,"template":"","meta":[],"product_brand":[],"product_cat":[1124,1114],"product_tag":[1362,1169,1327],"class_list":{"0":"post-15447","1":"product","2":"type-product","3":"status-publish","4":"has-post-thumbnail","6":"product_cat-fauteuils-dinterieur-fr","7":"product_cat-interieur","8":"product_tag-fauteuil","9":"product_tag-mobilier-interieur","10":"product_tag-serie-tokio-fr","12":"first","13":"instock","14":"shipping-taxable","15":"purchasable","16":"product-type-variable"},"aioseo_notices":[],"_links":{"self":[{"href":"https:\/\/reyma-mobiliario.com\/fr\/wp-json\/wp\/v2\/product\/15447","targetHints":{"allow":["GET"]}}],"collection":[{"href":"https:\/\/reyma-mobiliario.com\/fr\/wp-json\/wp\/v2\/product"}],"about":[{"href":"https:\/\/reyma-mobiliario.com\/fr\/wp-json\/wp\/v2\/types\/product"}],"wp:featuredmedia":[{"embeddable":true,"href":"https:\/\/reyma-mobiliario.com\/fr\/wp-json\/wp\/v2\/media\/15448"}],"wp:attachment":[{"href":"https:\/\/reyma-mobiliario.com\/fr\/wp-json\/wp\/v2\/media?parent=15447"}],"wp:term":[{"taxonomy":"product_brand","embeddable":true,"href":"https:\/\/reyma-mobiliario.com\/fr\/wp-json\/wp\/v2\/product_brand?post=15447"},{"taxonomy":"product_cat","embeddable":true,"href":"https:\/\/reyma-mobiliario.com\/fr\/wp-json\/wp\/v2\/product_cat?post=15447"},{"taxonomy":"product_tag","embeddable":true,"href":"https:\/\/reyma-mobiliario.com\/fr\/wp-json\/wp\/v2\/product_tag?post=15447"}],"curies":[{"name":"wp","href":"https:\/\/api.w.org\/{rel}","templated":true}]}}