{"id":15454,"date":"2017-09-29T13:33:35","date_gmt":"2020-04-28T10:21:01","guid":{"rendered":"https:\/\/gifted-nightingale.82-223-11-116.plesk.page\/?post_type=product&#038;p=15454"},"modified":"2024-10-22T11:44:26","modified_gmt":"2024-10-22T09:44:26","slug":"bancada","status":"publish","type":"product","link":"https:\/\/reyma-mobiliario.com\/fr\/productos\/bancada\/","title":{"rendered":"Bancada"},"content":{"rendered":"<p>Banc avec un int\u00e9rieur avec pieds en aluminium et si\u00e8ge en acier d\u00e9coup\u00e9. Sa conception et sa variabilit\u00e9 lui permettent d&rsquo;\u00eatre configur\u00e9 de diff\u00e9rentes mani\u00e8res, en l&rsquo;adaptant aux besoins du client.<\/p>\n","protected":false},"excerpt":{"rendered":"<p><strong> Poids <\/strong>:<br \/>\n4 places: 47.90 kg<br \/>\n3 places assises et une table: 45,20Kg<br \/>\n3 places: 36Kg<br \/>\n2 si\u00e8ges et une table: 33,15 kg<\/p>\n<p><strong> Mat\u00e9riaux <\/strong>:<br \/>\nSi\u00e8ge et dossier en acier d\u00e9coup\u00e9<br \/>\nBras en aluminium<\/p>\n","protected":false},"featured_media":15458,"template":"","meta":[],"product_brand":[],"product_cat":[1115,1114],"product_tag":[1146,1169,1198],"class_list":{"0":"post-15454","1":"product","2":"type-product","3":"status-publish","4":"has-post-thumbnail","6":"product_cat-banques","7":"product_cat-interieur","8":"product_tag-banque","9":"product_tag-mobilier-interieur","10":"product_tag-serie-bancada-fr","12":"first","13":"instock","14":"shipping-taxable","15":"product-type-variable"},"aioseo_notices":[],"_links":{"self":[{"href":"https:\/\/reyma-mobiliario.com\/fr\/wp-json\/wp\/v2\/product\/15454","targetHints":{"allow":["GET"]}}],"collection":[{"href":"https:\/\/reyma-mobiliario.com\/fr\/wp-json\/wp\/v2\/product"}],"about":[{"href":"https:\/\/reyma-mobiliario.com\/fr\/wp-json\/wp\/v2\/types\/product"}],"wp:featuredmedia":[{"embeddable":true,"href":"https:\/\/reyma-mobiliario.com\/fr\/wp-json\/wp\/v2\/media\/15458"}],"wp:attachment":[{"href":"https:\/\/reyma-mobiliario.com\/fr\/wp-json\/wp\/v2\/media?parent=15454"}],"wp:term":[{"taxonomy":"product_brand","embeddable":true,"href":"https:\/\/reyma-mobiliario.com\/fr\/wp-json\/wp\/v2\/product_brand?post=15454"},{"taxonomy":"product_cat","embeddable":true,"href":"https:\/\/reyma-mobiliario.com\/fr\/wp-json\/wp\/v2\/product_cat?post=15454"},{"taxonomy":"product_tag","embeddable":true,"href":"https:\/\/reyma-mobiliario.com\/fr\/wp-json\/wp\/v2\/product_tag?post=15454"}],"curies":[{"name":"wp","href":"https:\/\/api.w.org\/{rel}","templated":true}]}}