{"id":15492,"date":"2020-02-08T10:00:57","date_gmt":"2020-04-28T12:20:59","guid":{"rendered":"https:\/\/gifted-nightingale.82-223-11-116.plesk.page\/?post_type=product&#038;p=15492"},"modified":"2021-04-13T11:23:37","modified_gmt":"2021-04-13T09:23:37","slug":"chaise-bruselas","status":"publish","type":"product","link":"https:\/\/reyma-mobiliario.com\/fr\/productos\/chaise-bruselas\/","title":{"rendered":"chaise Bruselas"},"content":{"rendered":"<p>Chaise robuste et r\u00e9sistante con\u00e7ue pour une utilisation en int\u00e9rieur. Il est en bois de h\u00eatre et disponible en couleur weng\u00e9 ou noyer.<\/p>\n","protected":false},"excerpt":{"rendered":"<p><strong> Poids <\/strong>: 4,35 kg<\/p>\n<p><strong> Mat\u00e9riaux <\/strong>: bois de h\u00eatre en noyer<\/p>\n<p><strong> Dimensions <\/strong>:<\/p>\n<p><img loading=\"lazy\" decoding=\"async\" class=\"alignnone size-full wp-image-11924\" src=\"https:\/\/reyma-mobiliario.com\/wp-content\/uploads\/2017\/09\/bruselas-silla.jpg\" alt=\"Dimensions chaise Bruselas REYMA\" width=\"120\" height=\"120\" \/><\/p>\n","protected":false},"featured_media":15493,"template":"","meta":[],"product_brand":[],"product_cat":[1121,1114],"product_tag":[1165,1347,1169,1212],"class_list":{"0":"post-15492","1":"product","2":"type-product","3":"status-publish","4":"has-post-thumbnail","6":"product_cat-chaises-dinterieur","7":"product_cat-interieur","8":"product_tag-bois-de-hetre","9":"product_tag-chaises","10":"product_tag-mobilier-interieur","11":"product_tag-serie-bruselas-fr","13":"first","14":"instock","15":"shipping-taxable","16":"product-type-simple"},"aioseo_notices":[],"_links":{"self":[{"href":"https:\/\/reyma-mobiliario.com\/fr\/wp-json\/wp\/v2\/product\/15492","targetHints":{"allow":["GET"]}}],"collection":[{"href":"https:\/\/reyma-mobiliario.com\/fr\/wp-json\/wp\/v2\/product"}],"about":[{"href":"https:\/\/reyma-mobiliario.com\/fr\/wp-json\/wp\/v2\/types\/product"}],"wp:featuredmedia":[{"embeddable":true,"href":"https:\/\/reyma-mobiliario.com\/fr\/wp-json\/wp\/v2\/media\/15493"}],"wp:attachment":[{"href":"https:\/\/reyma-mobiliario.com\/fr\/wp-json\/wp\/v2\/media?parent=15492"}],"wp:term":[{"taxonomy":"product_brand","embeddable":true,"href":"https:\/\/reyma-mobiliario.com\/fr\/wp-json\/wp\/v2\/product_brand?post=15492"},{"taxonomy":"product_cat","embeddable":true,"href":"https:\/\/reyma-mobiliario.com\/fr\/wp-json\/wp\/v2\/product_cat?post=15492"},{"taxonomy":"product_tag","embeddable":true,"href":"https:\/\/reyma-mobiliario.com\/fr\/wp-json\/wp\/v2\/product_tag?post=15492"}],"curies":[{"name":"wp","href":"https:\/\/api.w.org\/{rel}","templated":true}]}}