{"id":15567,"date":"2020-01-21T10:00:03","date_gmt":"2020-04-30T07:36:39","guid":{"rendered":"https:\/\/gifted-nightingale.82-223-11-116.plesk.page\/?post_type=product&#038;p=15567"},"modified":"2022-07-12T14:00:48","modified_gmt":"2022-07-12T12:00:48","slug":"fauteuil-basilea","status":"publish","type":"product","link":"https:\/\/reyma-mobiliario.com\/fr\/productos\/fauteuil-basilea\/","title":{"rendered":"Fauteuil Basilea"},"content":{"rendered":"<p>Fauteuil rembourr\u00e9 et disponible en deux couleurs diff\u00e9rentes configurables avec trois types de pieds diff\u00e9rents. Con\u00e7u pour une utilisation en int\u00e9rieur, ses formes courbes le rendent parfait pour s&rsquo;adapter \u00e0 n&rsquo;importe quel coin.<\/p>\n","protected":false},"excerpt":{"rendered":"<p><strong> Poids <\/strong>:<br \/>\nAvec pied C-4: 7,20 kg<br \/>\nAvec pied B-5: 8,85 kg<br \/>\nAvec pied B-14: 9,20kg<\/p>\n<p><strong> Mat\u00e9riaux <\/strong>: unit\u00e9 centrale rembourr\u00e9e: blanc et cachemire<br \/>\n<strong> Pied: <\/strong><br \/>\nStructure en acier C-4, B-5, B-14<\/p>\n<p><strong>Assemblage\u00a0:<\/strong><br \/>\nBesoin d&rsquo;assemblage.<br \/>\nAssise + Pied<\/p>\n<p><strong> Dimensions <\/strong>:<br \/>\n<img loading=\"lazy\" decoding=\"async\" class=\"alignnone size-full wp-image-11924\" src=\"https:\/\/reyma-mobiliario.com\/wp-content\/uploads\/2017\/09\/basilea-c4-sillon.jpg\" alt=\"Dimensions fauteuil Basilea C-4 REYMA\" width=\"120\" height=\"120\" \/><img loading=\"lazy\" decoding=\"async\" class=\"alignnone size-full wp-image-11924\" src=\"https:\/\/reyma-mobiliario.com\/wp-content\/uploads\/2017\/09\/basilea-b5-sillon.jpg\" alt=\"Dimensions fauteuil Basilea B-5 REYMA\" width=\"120\" height=\"120\" \/><img loading=\"lazy\" decoding=\"async\" class=\"alignnone size-full wp-image-11924\" src=\"https:\/\/reyma-mobiliario.com\/wp-content\/uploads\/2017\/09\/basilea-b14-sillon.jpg\" alt=\"Dimensions fauteuil Basilea B-14 REYMA\" width=\"120\" height=\"120\" \/><\/p>\n","protected":false},"featured_media":15575,"template":"","meta":[],"product_brand":[],"product_cat":[1124,1114],"product_tag":[1362,1169,1200],"class_list":{"0":"post-15567","1":"product","2":"type-product","3":"status-publish","4":"has-post-thumbnail","6":"product_cat-fauteuils-dinterieur-fr","7":"product_cat-interieur","8":"product_tag-fauteuil","9":"product_tag-mobilier-interieur","10":"product_tag-serie-basilea-fr","12":"first","13":"instock","14":"shipping-taxable","15":"purchasable","16":"product-type-variable"},"aioseo_notices":[],"_links":{"self":[{"href":"https:\/\/reyma-mobiliario.com\/fr\/wp-json\/wp\/v2\/product\/15567","targetHints":{"allow":["GET"]}}],"collection":[{"href":"https:\/\/reyma-mobiliario.com\/fr\/wp-json\/wp\/v2\/product"}],"about":[{"href":"https:\/\/reyma-mobiliario.com\/fr\/wp-json\/wp\/v2\/types\/product"}],"wp:featuredmedia":[{"embeddable":true,"href":"https:\/\/reyma-mobiliario.com\/fr\/wp-json\/wp\/v2\/media\/15575"}],"wp:attachment":[{"href":"https:\/\/reyma-mobiliario.com\/fr\/wp-json\/wp\/v2\/media?parent=15567"}],"wp:term":[{"taxonomy":"product_brand","embeddable":true,"href":"https:\/\/reyma-mobiliario.com\/fr\/wp-json\/wp\/v2\/product_brand?post=15567"},{"taxonomy":"product_cat","embeddable":true,"href":"https:\/\/reyma-mobiliario.com\/fr\/wp-json\/wp\/v2\/product_cat?post=15567"},{"taxonomy":"product_tag","embeddable":true,"href":"https:\/\/reyma-mobiliario.com\/fr\/wp-json\/wp\/v2\/product_tag?post=15567"}],"curies":[{"name":"wp","href":"https:\/\/api.w.org\/{rel}","templated":true}]}}