{"id":15587,"date":"2019-11-09T10:00:45","date_gmt":"2020-04-30T07:44:24","guid":{"rendered":"https:\/\/gifted-nightingale.82-223-11-116.plesk.page\/?post_type=product&#038;p=15587"},"modified":"2021-10-14T16:51:57","modified_gmt":"2021-10-14T14:51:57","slug":"puff-rond","status":"publish","type":"product","link":"https:\/\/reyma-mobiliario.com\/fr\/productos\/puff-rond\/","title":{"rendered":"Puff Rond"},"content":{"rendered":"<p>Fabriqu\u00e9 avec une base en acier et con\u00e7u pour une utilisation en int\u00e9rieur. Pouf cylindrique rembourr\u00e9 disponible en diff\u00e9rentes couleurs.<\/p>\n","protected":false},"excerpt":{"rendered":"<p><strong> Poids <\/strong>: 4,55 kg<\/p>\n<p><strong> Mat\u00e9riaux <\/strong>:<br \/>\nStructure en acier.<br \/>\nP.U rembourr\u00e9: blanc, cachemire, marron, albero, rouge et noir.<\/p>\n<p><strong> Dimensions <\/strong>:<\/p>\n<p><img loading=\"lazy\" decoding=\"async\" class=\"alignnone size-full wp-image-11924\" src=\"https:\/\/reyma-mobiliario.com\/wp-content\/uploads\/2017\/09\/puff-redondo.jpg\" alt=\"Dimensions Puff Rond REYMA\" width=\"120\" height=\"120\" \/><\/p>\n","protected":false},"featured_media":15596,"template":"","meta":[],"product_brand":[],"product_cat":[1114,1120],"product_tag":[1169,1176],"class_list":{"0":"post-15587","1":"product","2":"type-product","3":"status-publish","4":"has-post-thumbnail","6":"product_cat-interieur","7":"product_cat-poufs","8":"product_tag-mobilier-interieur","9":"product_tag-pouf","11":"first","12":"instock","13":"shipping-taxable","14":"purchasable","15":"product-type-variable"},"aioseo_notices":[],"_links":{"self":[{"href":"https:\/\/reyma-mobiliario.com\/fr\/wp-json\/wp\/v2\/product\/15587","targetHints":{"allow":["GET"]}}],"collection":[{"href":"https:\/\/reyma-mobiliario.com\/fr\/wp-json\/wp\/v2\/product"}],"about":[{"href":"https:\/\/reyma-mobiliario.com\/fr\/wp-json\/wp\/v2\/types\/product"}],"wp:featuredmedia":[{"embeddable":true,"href":"https:\/\/reyma-mobiliario.com\/fr\/wp-json\/wp\/v2\/media\/15596"}],"wp:attachment":[{"href":"https:\/\/reyma-mobiliario.com\/fr\/wp-json\/wp\/v2\/media?parent=15587"}],"wp:term":[{"taxonomy":"product_brand","embeddable":true,"href":"https:\/\/reyma-mobiliario.com\/fr\/wp-json\/wp\/v2\/product_brand?post=15587"},{"taxonomy":"product_cat","embeddable":true,"href":"https:\/\/reyma-mobiliario.com\/fr\/wp-json\/wp\/v2\/product_cat?post=15587"},{"taxonomy":"product_tag","embeddable":true,"href":"https:\/\/reyma-mobiliario.com\/fr\/wp-json\/wp\/v2\/product_tag?post=15587"}],"curies":[{"name":"wp","href":"https:\/\/api.w.org\/{rel}","templated":true}]}}