{"id":15604,"date":"2019-11-07T10:00:51","date_gmt":"2020-04-30T09:29:46","guid":{"rendered":"https:\/\/gifted-nightingale.82-223-11-116.plesk.page\/?post_type=product&#038;p=15604"},"modified":"2021-10-14T17:35:29","modified_gmt":"2021-10-14T15:35:29","slug":"puff-carre","status":"publish","type":"product","link":"https:\/\/reyma-mobiliario.com\/fr\/productos\/puff-carre\/","title":{"rendered":"Puff Carr\u00e9"},"content":{"rendered":"<p>Pouf rembourr\u00e9 rectangulaire et disponible en diff\u00e9rentes couleurs. Fabriqu\u00e9 avec une base en acier et con\u00e7u pour une utilisation en int\u00e9rieur.<\/p>\n","protected":false},"excerpt":{"rendered":"<p><strong> Poids <\/strong>: 5,10 kg<\/p>\n<p><strong> Mat\u00e9riaux <\/strong>:<br \/>\nStructure en acier.<br \/>\nP.U rembourr\u00e9: blanc, cachemire, marron, albero, rouge et noir.<\/p>\n<p><strong> Dimensions <\/strong>:<\/p>\n<p><img loading=\"lazy\" decoding=\"async\" class=\"alignnone size-full wp-image-11924\" src=\"https:\/\/reyma-mobiliario.com\/wp-content\/uploads\/2017\/09\/puff-cuadrado.jpg\" alt=\"Dimensions Puff carr\u00e9 REYMA\" width=\"120\" height=\"120\" \/><\/p>\n","protected":false},"featured_media":15610,"template":"","meta":[],"product_brand":[],"product_cat":[1114,1120],"product_tag":[1169,1176],"class_list":{"0":"post-15604","1":"product","2":"type-product","3":"status-publish","4":"has-post-thumbnail","6":"product_cat-interieur","7":"product_cat-poufs","8":"product_tag-mobilier-interieur","9":"product_tag-pouf","11":"first","12":"instock","13":"shipping-taxable","14":"purchasable","15":"product-type-variable"},"aioseo_notices":[],"_links":{"self":[{"href":"https:\/\/reyma-mobiliario.com\/fr\/wp-json\/wp\/v2\/product\/15604","targetHints":{"allow":["GET"]}}],"collection":[{"href":"https:\/\/reyma-mobiliario.com\/fr\/wp-json\/wp\/v2\/product"}],"about":[{"href":"https:\/\/reyma-mobiliario.com\/fr\/wp-json\/wp\/v2\/types\/product"}],"wp:featuredmedia":[{"embeddable":true,"href":"https:\/\/reyma-mobiliario.com\/fr\/wp-json\/wp\/v2\/media\/15610"}],"wp:attachment":[{"href":"https:\/\/reyma-mobiliario.com\/fr\/wp-json\/wp\/v2\/media?parent=15604"}],"wp:term":[{"taxonomy":"product_brand","embeddable":true,"href":"https:\/\/reyma-mobiliario.com\/fr\/wp-json\/wp\/v2\/product_brand?post=15604"},{"taxonomy":"product_cat","embeddable":true,"href":"https:\/\/reyma-mobiliario.com\/fr\/wp-json\/wp\/v2\/product_cat?post=15604"},{"taxonomy":"product_tag","embeddable":true,"href":"https:\/\/reyma-mobiliario.com\/fr\/wp-json\/wp\/v2\/product_tag?post=15604"}],"curies":[{"name":"wp","href":"https:\/\/api.w.org\/{rel}","templated":true}]}}