{"id":15620,"date":"2019-10-12T10:00:06","date_gmt":"2020-04-30T09:53:38","guid":{"rendered":"https:\/\/gifted-nightingale.82-223-11-116.plesk.page\/?post_type=product&#038;p=15620"},"modified":"2022-05-17T16:29:41","modified_gmt":"2022-05-17T14:29:41","slug":"banquette","status":"publish","type":"product","link":"https:\/\/reyma-mobiliario.com\/fr\/productos\/banquette\/","title":{"rendered":"Banquette"},"content":{"rendered":"<p>Banquette rembourr\u00e9 id\u00e9al pour tout environnement int\u00e9rieur disponible en diff\u00e9rentes couleurs. Ses pieds en acier offrent une grande r\u00e9sistance et durabilit\u00e9.<\/p>\n","protected":false},"excerpt":{"rendered":"<p><strong> Poids: <\/strong> 17,50 kg<\/p>\n<p><strong> Mat\u00e9riaux: <\/strong><br \/>\nStructure en acier.<br \/>\nRembourrage P.U: cachemire, blanc, marron, noir et albero.<\/p>\n<p><strong>Assemblage\u00a0:<\/strong><br \/>\nBesoin d&rsquo;assemblage.<br \/>\nAssise + Pied<\/p>\n<p><strong> Dimensions <\/strong>:<br \/>\n<img loading=\"lazy\" decoding=\"async\" class=\"alignnone size-full wp-image-11924\" src=\"https:\/\/reyma-mobiliario.com\/wp-content\/uploads\/2017\/08\/banco.jpg\" alt=\"Dimensions banquette REYMA\" width=\"120\" height=\"120\" \/><\/p>\n","protected":false},"featured_media":15624,"template":"","meta":[],"product_brand":[],"product_cat":[1115,1114],"product_tag":[1169,1199],"class_list":{"0":"post-15620","1":"product","2":"type-product","3":"status-publish","4":"has-post-thumbnail","6":"product_cat-banques","7":"product_cat-interieur","8":"product_tag-mobilier-interieur","9":"product_tag-serie-banco-fr","11":"first","12":"instock","13":"shipping-taxable","14":"purchasable","15":"product-type-variable"},"aioseo_notices":[],"_links":{"self":[{"href":"https:\/\/reyma-mobiliario.com\/fr\/wp-json\/wp\/v2\/product\/15620","targetHints":{"allow":["GET"]}}],"collection":[{"href":"https:\/\/reyma-mobiliario.com\/fr\/wp-json\/wp\/v2\/product"}],"about":[{"href":"https:\/\/reyma-mobiliario.com\/fr\/wp-json\/wp\/v2\/types\/product"}],"wp:featuredmedia":[{"embeddable":true,"href":"https:\/\/reyma-mobiliario.com\/fr\/wp-json\/wp\/v2\/media\/15624"}],"wp:attachment":[{"href":"https:\/\/reyma-mobiliario.com\/fr\/wp-json\/wp\/v2\/media?parent=15620"}],"wp:term":[{"taxonomy":"product_brand","embeddable":true,"href":"https:\/\/reyma-mobiliario.com\/fr\/wp-json\/wp\/v2\/product_brand?post=15620"},{"taxonomy":"product_cat","embeddable":true,"href":"https:\/\/reyma-mobiliario.com\/fr\/wp-json\/wp\/v2\/product_cat?post=15620"},{"taxonomy":"product_tag","embeddable":true,"href":"https:\/\/reyma-mobiliario.com\/fr\/wp-json\/wp\/v2\/product_tag?post=15620"}],"curies":[{"name":"wp","href":"https:\/\/api.w.org\/{rel}","templated":true}]}}