{"id":15633,"date":"2019-11-12T10:00:19","date_gmt":"2020-04-30T10:00:58","guid":{"rendered":"https:\/\/gifted-nightingale.82-223-11-116.plesk.page\/?post_type=product&#038;p=15633"},"modified":"2024-04-05T08:05:41","modified_gmt":"2024-04-05T06:05:41","slug":"canape-alfa-120","status":"publish","type":"product","link":"https:\/\/reyma-mobiliario.com\/fr\/productos\/canape-alfa-120\/","title":{"rendered":"Canap\u00e9 Alfa 120"},"content":{"rendered":"<p>Canap\u00e9 pour usage int\u00e9rieur fabriqu\u00e9 en P.U. et disponible en diff\u00e9rentes couleurs. Fabriqu\u00e9 avec des bases en acier qui offrent un excellent support et r\u00e9sistance. Il peut \u00eatre combin\u00e9 avec sa version plus petite de 80 cm.<\/p>\n","protected":false},"excerpt":{"rendered":"<p><strong> Poids <\/strong>: 27,80 kg<\/p>\n<p><strong> Mat\u00e9riaux <\/strong>:<br \/>\nBase en acier et acier peint en noir.<br \/>\nTapisserie d&rsquo;ameublement de P.U: Blanc, cachemire, brun, noir et rouge.<\/p>\n<p><strong>Assemblage\u00a0:<\/strong><br \/>\nBesoin d&rsquo;assemblage.<br \/>\nAssise + Pied<\/p>\n<p><strong> Dimensions <\/strong>:<br \/>\n<img loading=\"lazy\" decoding=\"async\" class=\"alignnone size-full wp-image-11924\" src=\"https:\/\/reyma-mobiliario.com\/wp-content\/uploads\/2017\/09\/alfa-120.jpg\" alt=\"Dimensions canap\u00e9 Alfa REYMA\" width=\"120\" height=\"120\" \/><\/p>\n","protected":false},"featured_media":14973,"template":"","meta":[],"product_brand":[],"product_cat":[1122,1114],"product_tag":[1350,1169,1185],"class_list":{"0":"post-15633","1":"product","2":"type-product","3":"status-publish","4":"has-post-thumbnail","6":"product_cat-canapes-dinterieur","7":"product_cat-interieur","8":"product_tag-canape","9":"product_tag-mobilier-interieur","10":"product_tag-serie-alfa-fr","12":"first","13":"instock","14":"shipping-taxable","15":"purchasable","16":"product-type-variable"},"aioseo_notices":[],"_links":{"self":[{"href":"https:\/\/reyma-mobiliario.com\/fr\/wp-json\/wp\/v2\/product\/15633","targetHints":{"allow":["GET"]}}],"collection":[{"href":"https:\/\/reyma-mobiliario.com\/fr\/wp-json\/wp\/v2\/product"}],"about":[{"href":"https:\/\/reyma-mobiliario.com\/fr\/wp-json\/wp\/v2\/types\/product"}],"wp:featuredmedia":[{"embeddable":true,"href":"https:\/\/reyma-mobiliario.com\/fr\/wp-json\/wp\/v2\/media\/14973"}],"wp:attachment":[{"href":"https:\/\/reyma-mobiliario.com\/fr\/wp-json\/wp\/v2\/media?parent=15633"}],"wp:term":[{"taxonomy":"product_brand","embeddable":true,"href":"https:\/\/reyma-mobiliario.com\/fr\/wp-json\/wp\/v2\/product_brand?post=15633"},{"taxonomy":"product_cat","embeddable":true,"href":"https:\/\/reyma-mobiliario.com\/fr\/wp-json\/wp\/v2\/product_cat?post=15633"},{"taxonomy":"product_tag","embeddable":true,"href":"https:\/\/reyma-mobiliario.com\/fr\/wp-json\/wp\/v2\/product_tag?post=15633"}],"curies":[{"name":"wp","href":"https:\/\/api.w.org\/{rel}","templated":true}]}}