{"id":15646,"date":"2019-11-10T10:00:08","date_gmt":"2019-11-10T09:00:08","guid":{"rendered":"https:\/\/gifted-nightingale.82-223-11-116.plesk.page\/?post_type=product&#038;p=15646"},"modified":"2026-03-12T09:05:03","modified_gmt":"2026-03-12T08:05:03","slug":"canape-galaxy-corner","status":"publish","type":"product","link":"https:\/\/reyma-mobiliario.com\/fr\/productos\/canape-galaxy-corner\/","title":{"rendered":"Canap\u00e9 Galaxy Corner"},"content":{"rendered":"<p>Canap\u00e9 modulaire avec une forme d&rsquo;angle sp\u00e9ciale pour une utilisation en int\u00e9rieur. Deux peuvent \u00eatre combin\u00e9s pour former un canap\u00e9 \u00e0 deux places ou utilis\u00e9s comme coin lorsqu&rsquo;ils sont combin\u00e9s avec plus de modules tels que le <a href=\"https:\/\/reyma-mobiliario.com\/fr\/products\/canape-galaxia-1\/\"> canap\u00e9 galaxy 1 <\/a>. Disponible en diff\u00e9rentes couleurs de rembourrage.<\/p>\n","protected":false},"excerpt":{"rendered":"<p><strong> Poids <\/strong>: 21,15 kg<\/p>\n<p><strong> Mat\u00e9riaux <\/strong>:<br \/>\nStructure en acier.<br \/>\nTapisserie d&rsquo;ameublement de P.U: cachemire, blanc et albero<\/p>\n<p><strong> Dimensions <\/strong>:<\/p>\n<p><img loading=\"lazy\" decoding=\"async\" class=\"alignnone size-full wp-image-11924\" src=\"https:\/\/reyma-mobiliario.com\/wp-content\/uploads\/2017\/09\/galaxia-rincon.jpg\" alt=\"Dimensions canap\u00e9 Galaxia corner REYMA\" width=\"120\" height=\"120\" \/><\/p>\n","protected":false},"featured_media":15648,"template":"","meta":[],"product_brand":[],"product_cat":[1122,1114],"product_tag":[1350,1169,1247],"class_list":{"0":"post-15646","1":"product","2":"type-product","3":"status-publish","4":"has-post-thumbnail","6":"product_cat-canapes-dinterieur","7":"product_cat-interieur","8":"product_tag-canape","9":"product_tag-mobilier-interieur","10":"product_tag-serie-galaxia-fr","12":"first","13":"instock","14":"shipping-taxable","15":"purchasable","16":"product-type-variable"},"aioseo_notices":[],"_links":{"self":[{"href":"https:\/\/reyma-mobiliario.com\/fr\/wp-json\/wp\/v2\/product\/15646","targetHints":{"allow":["GET"]}}],"collection":[{"href":"https:\/\/reyma-mobiliario.com\/fr\/wp-json\/wp\/v2\/product"}],"about":[{"href":"https:\/\/reyma-mobiliario.com\/fr\/wp-json\/wp\/v2\/types\/product"}],"wp:featuredmedia":[{"embeddable":true,"href":"https:\/\/reyma-mobiliario.com\/fr\/wp-json\/wp\/v2\/media\/15648"}],"wp:attachment":[{"href":"https:\/\/reyma-mobiliario.com\/fr\/wp-json\/wp\/v2\/media?parent=15646"}],"wp:term":[{"taxonomy":"product_brand","embeddable":true,"href":"https:\/\/reyma-mobiliario.com\/fr\/wp-json\/wp\/v2\/product_brand?post=15646"},{"taxonomy":"product_cat","embeddable":true,"href":"https:\/\/reyma-mobiliario.com\/fr\/wp-json\/wp\/v2\/product_cat?post=15646"},{"taxonomy":"product_tag","embeddable":true,"href":"https:\/\/reyma-mobiliario.com\/fr\/wp-json\/wp\/v2\/product_tag?post=15646"}],"curies":[{"name":"wp","href":"https:\/\/api.w.org\/{rel}","templated":true}]}}