{"id":15659,"date":"2019-11-08T10:00:12","date_gmt":"2019-11-08T09:00:12","guid":{"rendered":"https:\/\/gifted-nightingale.82-223-11-116.plesk.page\/?post_type=product&#038;p=15659"},"modified":"2026-03-12T09:04:48","modified_gmt":"2026-03-12T08:04:48","slug":"fauteuil-galaxia","status":"publish","type":"product","link":"https:\/\/reyma-mobiliario.com\/fr\/productos\/fauteuil-galaxia\/","title":{"rendered":"Fauteuil Galaxia"},"content":{"rendered":"<p>Canap\u00e9 rembourr\u00e9 disponible en diff\u00e9rentes couleurs con\u00e7u pour une utilisation en int\u00e9rieur. Sa base en acier robuste et son aspect confortable et douillet s&rsquo;adapteront \u00e0 n&rsquo;importe quel espace.<\/p>\n","protected":false},"excerpt":{"rendered":"<p><strong> Poids <\/strong>: 27,10 kg<\/p>\n<p><strong> Mat\u00e9riaux <\/strong>:<br \/>\nStructure en acier.<br \/>\nTapisserie d&rsquo;ameublement de P.U: cachemire, blanc et albero<\/p>\n<p><strong> Dimensions <\/strong>:<\/p>\n<p><img loading=\"lazy\" decoding=\"async\" class=\"alignnone size-full wp-image-11924\" src=\"https:\/\/reyma-mobiliario.com\/wp-content\/uploads\/2017\/09\/galaxia-sillon.jpg\" alt=\"Dimensions fauteuil Galaxia REYMA\" width=\"120\" height=\"120\" \/><\/p>\n","protected":false},"featured_media":15661,"template":"","meta":[],"product_brand":[],"product_cat":[1122,1114],"product_tag":[1350,1169,1247],"class_list":{"0":"post-15659","1":"product","2":"type-product","3":"status-publish","4":"has-post-thumbnail","6":"product_cat-canapes-dinterieur","7":"product_cat-interieur","8":"product_tag-canape","9":"product_tag-mobilier-interieur","10":"product_tag-serie-galaxia-fr","12":"first","13":"instock","14":"shipping-taxable","15":"purchasable","16":"product-type-variable"},"aioseo_notices":[],"_links":{"self":[{"href":"https:\/\/reyma-mobiliario.com\/fr\/wp-json\/wp\/v2\/product\/15659","targetHints":{"allow":["GET"]}}],"collection":[{"href":"https:\/\/reyma-mobiliario.com\/fr\/wp-json\/wp\/v2\/product"}],"about":[{"href":"https:\/\/reyma-mobiliario.com\/fr\/wp-json\/wp\/v2\/types\/product"}],"wp:featuredmedia":[{"embeddable":true,"href":"https:\/\/reyma-mobiliario.com\/fr\/wp-json\/wp\/v2\/media\/15661"}],"wp:attachment":[{"href":"https:\/\/reyma-mobiliario.com\/fr\/wp-json\/wp\/v2\/media?parent=15659"}],"wp:term":[{"taxonomy":"product_brand","embeddable":true,"href":"https:\/\/reyma-mobiliario.com\/fr\/wp-json\/wp\/v2\/product_brand?post=15659"},{"taxonomy":"product_cat","embeddable":true,"href":"https:\/\/reyma-mobiliario.com\/fr\/wp-json\/wp\/v2\/product_cat?post=15659"},{"taxonomy":"product_tag","embeddable":true,"href":"https:\/\/reyma-mobiliario.com\/fr\/wp-json\/wp\/v2\/product_tag?post=15659"}],"curies":[{"name":"wp","href":"https:\/\/api.w.org\/{rel}","templated":true}]}}