{"id":15719,"date":"2019-11-05T10:00:57","date_gmt":"2020-04-30T10:40:34","guid":{"rendered":"https:\/\/gifted-nightingale.82-223-11-116.plesk.page\/?post_type=product&#038;p=15719"},"modified":"2022-05-17T16:28:20","modified_gmt":"2022-05-17T14:28:20","slug":"fauteuil-strauss","status":"publish","type":"product","link":"https:\/\/reyma-mobiliario.com\/fr\/productos\/fauteuil-strauss\/","title":{"rendered":"Fauteuil Strauss"},"content":{"rendered":"<p>Canap\u00e9 robuste avec une touche sobre. Fabriqu\u00e9 avec structure et pieds en acier. Rembourr\u00e9 en P.U. de diff\u00e9rentes couleurs, il est id\u00e9al pour donner une atmosph\u00e8re majestueuse \u00e0 n&rsquo;importe quel espace.<\/p>\n","protected":false},"excerpt":{"rendered":"<p><strong> Poids <\/strong>: 19,70 kg<\/p>\n<p><strong> Mat\u00e9riaux <\/strong>:<br \/>\nStructure en acier et acier peint en noir.<br \/>\nP.U rembourr\u00e9: blanc, cachemire, marron et noir.<\/p>\n<p><strong>Assemblage\u00a0:<\/strong><br \/>\nBesoin d&rsquo;assemblage.<br \/>\nAssise + Pied<\/p>\n<p><strong> Dimensions <\/strong>:<br \/>\n<img loading=\"lazy\" decoding=\"async\" class=\"alignnone size-full wp-image-11924\" src=\"https:\/\/reyma-mobiliario.com\/wp-content\/uploads\/2017\/09\/strauss-sillon.jpg\" alt=\"Dimensions fauteuil Strauss REYMA\" width=\"120\" height=\"120\" \/><\/p>\n","protected":false},"featured_media":15723,"template":"","meta":[],"product_brand":[],"product_cat":[1122,1114],"product_tag":[1350,1169,1322],"class_list":{"0":"post-15719","1":"product","2":"type-product","3":"status-publish","4":"has-post-thumbnail","6":"product_cat-canapes-dinterieur","7":"product_cat-interieur","8":"product_tag-canape","9":"product_tag-mobilier-interieur","10":"product_tag-serie-strauss-fr","12":"first","13":"instock","14":"shipping-taxable","15":"purchasable","16":"product-type-variable"},"aioseo_notices":[],"_links":{"self":[{"href":"https:\/\/reyma-mobiliario.com\/fr\/wp-json\/wp\/v2\/product\/15719","targetHints":{"allow":["GET"]}}],"collection":[{"href":"https:\/\/reyma-mobiliario.com\/fr\/wp-json\/wp\/v2\/product"}],"about":[{"href":"https:\/\/reyma-mobiliario.com\/fr\/wp-json\/wp\/v2\/types\/product"}],"wp:featuredmedia":[{"embeddable":true,"href":"https:\/\/reyma-mobiliario.com\/fr\/wp-json\/wp\/v2\/media\/15723"}],"wp:attachment":[{"href":"https:\/\/reyma-mobiliario.com\/fr\/wp-json\/wp\/v2\/media?parent=15719"}],"wp:term":[{"taxonomy":"product_brand","embeddable":true,"href":"https:\/\/reyma-mobiliario.com\/fr\/wp-json\/wp\/v2\/product_brand?post=15719"},{"taxonomy":"product_cat","embeddable":true,"href":"https:\/\/reyma-mobiliario.com\/fr\/wp-json\/wp\/v2\/product_cat?post=15719"},{"taxonomy":"product_tag","embeddable":true,"href":"https:\/\/reyma-mobiliario.com\/fr\/wp-json\/wp\/v2\/product_tag?post=15719"}],"curies":[{"name":"wp","href":"https:\/\/api.w.org\/{rel}","templated":true}]}}