{"id":15731,"date":"2020-01-06T10:00:22","date_gmt":"2020-04-30T10:46:43","guid":{"rendered":"https:\/\/gifted-nightingale.82-223-11-116.plesk.page\/?post_type=product&#038;p=15731"},"modified":"2024-07-08T12:32:33","modified_gmt":"2024-07-08T10:32:33","slug":"chaise-oregon","status":"publish","type":"product","link":"https:\/\/reyma-mobiliario.com\/fr\/productos\/chaise-oregon\/","title":{"rendered":"Chaise Oreg\u00f3n"},"content":{"rendered":"<p>Chaise d&rsquo;int\u00e9rieur avec bo\u00eetier en bois de diff\u00e9rentes nuances. La structure inf\u00e9rieure est en acier peint. Il offre une grande adaptabilit\u00e9 \u00e0 l&rsquo;environnement et une grande r\u00e9sistance.<\/p>\n","protected":false},"excerpt":{"rendered":"<p><strong> Poids <\/strong>: 6,25 kg<\/p>\n<p><strong> Mat\u00e9riaux <\/strong>:<br \/>\nBo\u00eetier en bois formica: noyer am\u00e9ricain.<br \/>\nPied C-4 en acier peint: D\u00e9co bois blanc, noir et naturel.<\/p>\n<p><strong>Assemblage\u00a0:<\/strong><br \/>\nBesoin d&rsquo;assemblage.<br \/>\nCarter + Pied<\/p>\n<p><strong> Dimensions <\/strong>:<br \/>\n<img loading=\"lazy\" decoding=\"async\" class=\"alignnone size-full wp-image-11924\" src=\"https:\/\/reyma-mobiliario.com\/wp-content\/uploads\/2017\/07\/oregon-silla.jpg\" alt=\"Dimensions Chaise Oreg\u00f3n REYMA\" width=\"120\" height=\"120\" \/><\/p>\n","protected":false},"featured_media":15735,"template":"","meta":[],"product_brand":[],"product_cat":[1121,1114],"product_tag":[1347,1169,1172,1290],"class_list":{"0":"post-15731","1":"product","2":"type-product","3":"status-publish","4":"has-post-thumbnail","6":"product_cat-chaises-dinterieur","7":"product_cat-interieur","8":"product_tag-chaises","9":"product_tag-mobilier-interieur","10":"product_tag-nouvelles-2017","11":"product_tag-serie-oregon-fr","13":"first","14":"instock","15":"shipping-taxable","16":"product-type-simple"},"aioseo_notices":[],"_links":{"self":[{"href":"https:\/\/reyma-mobiliario.com\/fr\/wp-json\/wp\/v2\/product\/15731","targetHints":{"allow":["GET"]}}],"collection":[{"href":"https:\/\/reyma-mobiliario.com\/fr\/wp-json\/wp\/v2\/product"}],"about":[{"href":"https:\/\/reyma-mobiliario.com\/fr\/wp-json\/wp\/v2\/types\/product"}],"wp:featuredmedia":[{"embeddable":true,"href":"https:\/\/reyma-mobiliario.com\/fr\/wp-json\/wp\/v2\/media\/15735"}],"wp:attachment":[{"href":"https:\/\/reyma-mobiliario.com\/fr\/wp-json\/wp\/v2\/media?parent=15731"}],"wp:term":[{"taxonomy":"product_brand","embeddable":true,"href":"https:\/\/reyma-mobiliario.com\/fr\/wp-json\/wp\/v2\/product_brand?post=15731"},{"taxonomy":"product_cat","embeddable":true,"href":"https:\/\/reyma-mobiliario.com\/fr\/wp-json\/wp\/v2\/product_cat?post=15731"},{"taxonomy":"product_tag","embeddable":true,"href":"https:\/\/reyma-mobiliario.com\/fr\/wp-json\/wp\/v2\/product_tag?post=15731"}],"curies":[{"name":"wp","href":"https:\/\/api.w.org\/{rel}","templated":true}]}}