{"id":15742,"date":"2020-01-23T10:00:28","date_gmt":"2020-04-30T10:52:56","guid":{"rendered":"https:\/\/gifted-nightingale.82-223-11-116.plesk.page\/?post_type=product&#038;p=15742"},"modified":"2022-07-12T14:00:53","modified_gmt":"2022-07-12T12:00:53","slug":"fauteuil-lausan","status":"publish","type":"product","link":"https:\/\/reyma-mobiliario.com\/fr\/productos\/fauteuil-lausan\/","title":{"rendered":"Fauteuil Lausan"},"content":{"rendered":"<p>Fauteuil robuste disponible en rev\u00eatement blanc ou cachemire. Sp\u00e9cial pour une utilisation en int\u00e9rieur permet deux types de pieds en acier r\u00e9sistant. Ses formes courbes donnent une touche qui invite au repos et au confort.<\/p>\n","protected":false},"excerpt":{"rendered":"<p><strong> Poids <\/strong>:<br \/>\nAvec pied B-5: 13,45 kg<br \/>\nAvec pied B-14: 13,80 kg<\/p>\n<p><strong> Mat\u00e9riaux <\/strong>: unit\u00e9 centrale rembourr\u00e9e: cachemire et blanc<br \/>\n<strong> Pied: <\/strong><br \/>\nStructure en acier B-5, B-14<\/p>\n<p><strong>Assemblage\u00a0:<\/strong><br \/>\nBesoin d&rsquo;assemblage.<br \/>\nAssise + Pied<\/p>\n<p><strong> Dimensions <\/strong>:<br \/>\n<img loading=\"lazy\" decoding=\"async\" class=\"alignnone size-full wp-image-11924\" src=\"https:\/\/reyma-mobiliario.com\/wp-content\/uploads\/2017\/04\/lausan-b5.jpg\" alt=\"Dimensions fauteuil Lausan B-5 REYMA\" width=\"120\" height=\"120\" \/><img loading=\"lazy\" decoding=\"async\" class=\"alignnone size-full wp-image-11924\" src=\"https:\/\/reyma-mobiliario.com\/wp-content\/uploads\/2017\/04\/lausan-b14.jpg\" alt=\"Dimensions fauteuil Lausan B-14 REYMA\" width=\"120\" height=\"120\" \/><\/p>\n","protected":false},"featured_media":15746,"template":"","meta":[],"product_brand":[],"product_cat":[1124,1114],"product_tag":[1362,1169,1258],"class_list":{"0":"post-15742","1":"product","2":"type-product","3":"status-publish","4":"has-post-thumbnail","6":"product_cat-fauteuils-dinterieur-fr","7":"product_cat-interieur","8":"product_tag-fauteuil","9":"product_tag-mobilier-interieur","10":"product_tag-serie-lausan-fr","12":"first","13":"instock","14":"shipping-taxable","15":"purchasable","16":"product-type-variable"},"aioseo_notices":[],"_links":{"self":[{"href":"https:\/\/reyma-mobiliario.com\/fr\/wp-json\/wp\/v2\/product\/15742","targetHints":{"allow":["GET"]}}],"collection":[{"href":"https:\/\/reyma-mobiliario.com\/fr\/wp-json\/wp\/v2\/product"}],"about":[{"href":"https:\/\/reyma-mobiliario.com\/fr\/wp-json\/wp\/v2\/types\/product"}],"wp:featuredmedia":[{"embeddable":true,"href":"https:\/\/reyma-mobiliario.com\/fr\/wp-json\/wp\/v2\/media\/15746"}],"wp:attachment":[{"href":"https:\/\/reyma-mobiliario.com\/fr\/wp-json\/wp\/v2\/media?parent=15742"}],"wp:term":[{"taxonomy":"product_brand","embeddable":true,"href":"https:\/\/reyma-mobiliario.com\/fr\/wp-json\/wp\/v2\/product_brand?post=15742"},{"taxonomy":"product_cat","embeddable":true,"href":"https:\/\/reyma-mobiliario.com\/fr\/wp-json\/wp\/v2\/product_cat?post=15742"},{"taxonomy":"product_tag","embeddable":true,"href":"https:\/\/reyma-mobiliario.com\/fr\/wp-json\/wp\/v2\/product_tag?post=15742"}],"curies":[{"name":"wp","href":"https:\/\/api.w.org\/{rel}","templated":true}]}}