{"id":15762,"date":"2017-01-03T08:00:42","date_gmt":"2020-04-30T10:59:53","guid":{"rendered":"https:\/\/gifted-nightingale.82-223-11-116.plesk.page\/?post_type=product&#038;p=15762"},"modified":"2023-11-13T09:10:31","modified_gmt":"2023-11-13T08:10:31","slug":"table-baviera","status":"publish","type":"product","link":"https:\/\/reyma-mobiliario.com\/fr\/productos\/table-baviera\/","title":{"rendered":"Table Baviera"},"content":{"rendered":"<p>Table pour l&rsquo;hospitalit\u00e9 simple avec un style continu et \u00e9quilibr\u00e9. Il est id\u00e9al pour une utilisation en int\u00e9rieur avec un pied en acier robuste. Il offre une grande polyvalence lorsqu&rsquo;il s&rsquo;agit de combiner avec diff\u00e9rentes finitions et tailles de planches.<\/p>\n","protected":false},"excerpt":{"rendered":"<p><strong> Hauteur : <\/strong> 75 cm<\/p>\n<p><strong> Mat\u00e9riaux <\/strong>:<br \/>\nPied en acier peint blanc ou noir avec colonne carr\u00e9e<br \/>\nBase avec coins arrondis de 8 mm d&rsquo;\u00e9paisseur: carr\u00e9 ou rectangulaire<\/p>\n<p>Plateaux finie: Werzalit, compact ou m\u00e9lamine.<\/p>\n<p><strong> Dimensions du plateaux: <\/strong><br \/>\n60&#215;60, 70&#215;70, 80&#215;80, 90&#215;90,<br \/>\n100&#215;60, 110&#215;70 et 120&#215;80<\/p>\n","protected":false},"featured_media":15763,"template":"","meta":[],"product_brand":[],"product_cat":[1114,1119],"product_tag":[1169,1171,1201,1166],"class_list":{"0":"post-15762","1":"product","2":"type-product","3":"status-publish","4":"has-post-thumbnail","6":"product_cat-interieur","7":"product_cat-tables-dinterieur","8":"product_tag-mobilier-interieur","9":"product_tag-nouvelles-2018","10":"product_tag-serie-baviera-fr","11":"product_tag-tables-fr","13":"first","14":"instock","15":"shipping-taxable","16":"purchasable","17":"product-type-variable"},"aioseo_notices":[],"_links":{"self":[{"href":"https:\/\/reyma-mobiliario.com\/fr\/wp-json\/wp\/v2\/product\/15762","targetHints":{"allow":["GET"]}}],"collection":[{"href":"https:\/\/reyma-mobiliario.com\/fr\/wp-json\/wp\/v2\/product"}],"about":[{"href":"https:\/\/reyma-mobiliario.com\/fr\/wp-json\/wp\/v2\/types\/product"}],"wp:featuredmedia":[{"embeddable":true,"href":"https:\/\/reyma-mobiliario.com\/fr\/wp-json\/wp\/v2\/media\/15763"}],"wp:attachment":[{"href":"https:\/\/reyma-mobiliario.com\/fr\/wp-json\/wp\/v2\/media?parent=15762"}],"wp:term":[{"taxonomy":"product_brand","embeddable":true,"href":"https:\/\/reyma-mobiliario.com\/fr\/wp-json\/wp\/v2\/product_brand?post=15762"},{"taxonomy":"product_cat","embeddable":true,"href":"https:\/\/reyma-mobiliario.com\/fr\/wp-json\/wp\/v2\/product_cat?post=15762"},{"taxonomy":"product_tag","embeddable":true,"href":"https:\/\/reyma-mobiliario.com\/fr\/wp-json\/wp\/v2\/product_tag?post=15762"}],"curies":[{"name":"wp","href":"https:\/\/api.w.org\/{rel}","templated":true}]}}