{"id":15769,"date":"2020-03-04T10:00:42","date_gmt":"2020-04-30T11:04:41","guid":{"rendered":"https:\/\/gifted-nightingale.82-223-11-116.plesk.page\/?post_type=product&#038;p=15769"},"modified":"2025-03-27T17:01:17","modified_gmt":"2025-03-27T16:01:17","slug":"table-kolonia","status":"publish","type":"product","link":"https:\/\/reyma-mobiliario.com\/fr\/productos\/table-kolonia\/","title":{"rendered":"Table Kolonia"},"content":{"rendered":"<p>Table au style simple avec une colonne arrondie. Pied en acier robuste, id\u00e9al pour les environnements int\u00e9rieurs.<\/p>\n","protected":false},"excerpt":{"rendered":"<p><strong>Hauteur :<\/strong> 75 ou 110 cm<\/p>\n<p><strong>Mat\u00e9riaux :<\/strong><br \/>\nPied en acier peint en blanc ou en noir avec une colonne ronde.<br \/>\nPlateau : <a href=\"https:\/\/reyma-mobiliario.com\/categoria-producto\/tableros\/werzalit\/\" rel=\"noopener\" target=\"_blank\">Werzalit<\/a>, <a href=\"https:\/\/reyma-mobiliario.com\/categoria-producto\/tableros\/compact\/\" rel=\"noopener\" target=\"_blank\">Compact<\/a> ou <a href=\"https:\/\/reyma-mobiliario.com\/categoria-producto\/tableros\/melamina\/\" rel=\"noopener\" target=\"_blank\">M\u00e9lamine<\/a>.<\/p>\n<p><strong>Dimensions du plateau :<\/strong><br \/>\n\u00d860, \u00d870, \u00d880, 60&#215;60, 70&#215;70, 80&#215;80, 90&#215;90, 100&#215;60, 110&#215;70 et 120&#215;80.<\/p>\n","protected":false},"featured_media":29147,"template":"","meta":[],"product_brand":[],"product_cat":[1114,1119],"product_tag":[1169,1171,1257,1166],"class_list":{"0":"post-15769","1":"product","2":"type-product","3":"status-publish","4":"has-post-thumbnail","6":"product_cat-interieur","7":"product_cat-tables-dinterieur","8":"product_tag-mobilier-interieur","9":"product_tag-nouvelles-2018","10":"product_tag-serie-kolonia-fr","11":"product_tag-tables-fr","13":"first","14":"instock","15":"shipping-taxable","16":"product-type-variable"},"aioseo_notices":[],"_links":{"self":[{"href":"https:\/\/reyma-mobiliario.com\/fr\/wp-json\/wp\/v2\/product\/15769","targetHints":{"allow":["GET"]}}],"collection":[{"href":"https:\/\/reyma-mobiliario.com\/fr\/wp-json\/wp\/v2\/product"}],"about":[{"href":"https:\/\/reyma-mobiliario.com\/fr\/wp-json\/wp\/v2\/types\/product"}],"wp:featuredmedia":[{"embeddable":true,"href":"https:\/\/reyma-mobiliario.com\/fr\/wp-json\/wp\/v2\/media\/29147"}],"wp:attachment":[{"href":"https:\/\/reyma-mobiliario.com\/fr\/wp-json\/wp\/v2\/media?parent=15769"}],"wp:term":[{"taxonomy":"product_brand","embeddable":true,"href":"https:\/\/reyma-mobiliario.com\/fr\/wp-json\/wp\/v2\/product_brand?post=15769"},{"taxonomy":"product_cat","embeddable":true,"href":"https:\/\/reyma-mobiliario.com\/fr\/wp-json\/wp\/v2\/product_cat?post=15769"},{"taxonomy":"product_tag","embeddable":true,"href":"https:\/\/reyma-mobiliario.com\/fr\/wp-json\/wp\/v2\/product_tag?post=15769"}],"curies":[{"name":"wp","href":"https:\/\/api.w.org\/{rel}","templated":true}]}}