{"id":15780,"date":"2020-02-24T10:00:02","date_gmt":"2020-05-04T07:17:58","guid":{"rendered":"https:\/\/gifted-nightingale.82-223-11-116.plesk.page\/?post_type=product&#038;p=15780"},"modified":"2021-04-13T10:32:44","modified_gmt":"2021-04-13T08:32:44","slug":"tabouret-basse-parador","status":"publish","type":"product","link":"https:\/\/reyma-mobiliario.com\/fr\/productos\/tabouret-basse-parador\/","title":{"rendered":"Tabouret basse Parador"},"content":{"rendered":"<p>tabouret en bois de h\u00eatre et peint en noyer. Con\u00e7u avec un si\u00e8ge rond et des jambes droites avec des bords.<\/p>\n","protected":false},"excerpt":{"rendered":"<p><strong> Poids <\/strong>: 5,95 kg<\/p>\n<p><strong> Mat\u00e9riaux <\/strong>: bois de h\u00eatre en noyer.<\/p>\n<p><strong> Dimensions <\/strong>:<\/p>\n<p><img loading=\"lazy\" decoding=\"async\" class=\"alignnone size-full wp-image-11924\" src=\"https:\/\/reyma-mobiliario.com\/wp-content\/uploads\/2017\/09\/parador-baja-bnqueta.jpg\" alt=\"Dimensions tabouret basse Parador REYMA\" width=\"120\" height=\"120\" \/><\/p>\n","protected":false},"featured_media":19912,"template":"","meta":[],"product_brand":[],"product_cat":[1114,1116],"product_tag":[1165,1169,1297,1147],"class_list":{"0":"post-15780","1":"product","2":"type-product","3":"status-publish","4":"has-post-thumbnail","6":"product_cat-interieur","7":"product_cat-tabouret-dinterieur","8":"product_tag-bois-de-hetre","9":"product_tag-mobilier-interieur","10":"product_tag-serie-parador-fr","11":"product_tag-tabourets","13":"first","14":"instock","15":"shipping-taxable","16":"product-type-simple"},"aioseo_notices":[],"_links":{"self":[{"href":"https:\/\/reyma-mobiliario.com\/fr\/wp-json\/wp\/v2\/product\/15780","targetHints":{"allow":["GET"]}}],"collection":[{"href":"https:\/\/reyma-mobiliario.com\/fr\/wp-json\/wp\/v2\/product"}],"about":[{"href":"https:\/\/reyma-mobiliario.com\/fr\/wp-json\/wp\/v2\/types\/product"}],"wp:featuredmedia":[{"embeddable":true,"href":"https:\/\/reyma-mobiliario.com\/fr\/wp-json\/wp\/v2\/media\/19912"}],"wp:attachment":[{"href":"https:\/\/reyma-mobiliario.com\/fr\/wp-json\/wp\/v2\/media?parent=15780"}],"wp:term":[{"taxonomy":"product_brand","embeddable":true,"href":"https:\/\/reyma-mobiliario.com\/fr\/wp-json\/wp\/v2\/product_brand?post=15780"},{"taxonomy":"product_cat","embeddable":true,"href":"https:\/\/reyma-mobiliario.com\/fr\/wp-json\/wp\/v2\/product_cat?post=15780"},{"taxonomy":"product_tag","embeddable":true,"href":"https:\/\/reyma-mobiliario.com\/fr\/wp-json\/wp\/v2\/product_tag?post=15780"}],"curies":[{"name":"wp","href":"https:\/\/api.w.org\/{rel}","templated":true}]}}