{"id":15784,"date":"2020-02-23T10:00:39","date_gmt":"2020-05-04T07:33:35","guid":{"rendered":"https:\/\/gifted-nightingale.82-223-11-116.plesk.page\/?post_type=product&#038;p=15784"},"modified":"2021-04-13T10:32:52","modified_gmt":"2021-04-13T08:32:52","slug":"tabouret-basse-pylsem","status":"publish","type":"product","link":"https:\/\/reyma-mobiliario.com\/fr\/productos\/tabouret-basse-pylsem\/","title":{"rendered":"Tabouret basse Pylsem"},"content":{"rendered":"<p>Tabouret basse ronde avec pieds tourn\u00e9s. Fabriqu\u00e9 en bois de h\u00eatre et peint en noyer, il mesure 46 cm de haut.<\/p>\n","protected":false},"excerpt":{"rendered":"<p><strong> Poids <\/strong>: 5,30 kg<\/p>\n<p><strong> Mat\u00e9riaux <\/strong>: bois de h\u00eatre en noyer.<\/p>\n<p><strong> Dimensions <\/strong>:<\/p>\n<p><img loading=\"lazy\" decoding=\"async\" class=\"alignnone size-full wp-image-11924\" src=\"https:\/\/reyma-mobiliario.com\/wp-content\/uploads\/2017\/09\/pylsem-banqueta-baja.jpg\" alt=\"Dimensions tabouret Pylsem Basse REYMA\" width=\"120\" height=\"120\" \/><\/p>\n","protected":false},"featured_media":0,"template":"","meta":[],"product_brand":[],"product_cat":[1114,1116],"product_tag":[1165,1169,1310,1147],"class_list":{"0":"post-15784","1":"product","2":"type-product","3":"status-publish","5":"product_cat-interieur","6":"product_cat-tabouret-dinterieur","7":"product_tag-bois-de-hetre","8":"product_tag-mobilier-interieur","9":"product_tag-serie-pylsem-fr","10":"product_tag-tabourets","12":"first","13":"instock","14":"shipping-taxable","15":"product-type-simple"},"aioseo_notices":[],"_links":{"self":[{"href":"https:\/\/reyma-mobiliario.com\/fr\/wp-json\/wp\/v2\/product\/15784","targetHints":{"allow":["GET"]}}],"collection":[{"href":"https:\/\/reyma-mobiliario.com\/fr\/wp-json\/wp\/v2\/product"}],"about":[{"href":"https:\/\/reyma-mobiliario.com\/fr\/wp-json\/wp\/v2\/types\/product"}],"wp:attachment":[{"href":"https:\/\/reyma-mobiliario.com\/fr\/wp-json\/wp\/v2\/media?parent=15784"}],"wp:term":[{"taxonomy":"product_brand","embeddable":true,"href":"https:\/\/reyma-mobiliario.com\/fr\/wp-json\/wp\/v2\/product_brand?post=15784"},{"taxonomy":"product_cat","embeddable":true,"href":"https:\/\/reyma-mobiliario.com\/fr\/wp-json\/wp\/v2\/product_cat?post=15784"},{"taxonomy":"product_tag","embeddable":true,"href":"https:\/\/reyma-mobiliario.com\/fr\/wp-json\/wp\/v2\/product_tag?post=15784"}],"curies":[{"name":"wp","href":"https:\/\/api.w.org\/{rel}","templated":true}]}}