{"id":15796,"date":"2020-02-21T10:00:35","date_gmt":"2020-05-04T08:09:58","guid":{"rendered":"https:\/\/gifted-nightingale.82-223-11-116.plesk.page\/?post_type=product&#038;p=15796"},"modified":"2021-04-13T10:43:41","modified_gmt":"2021-04-13T08:43:41","slug":"tabouret-basse-brandy","status":"publish","type":"product","link":"https:\/\/reyma-mobiliario.com\/fr\/productos\/tabouret-basse-brandy\/","title":{"rendered":"Tabouret basse Brandy"},"content":{"rendered":"<p>Tabouret en bois de h\u00eatre peint en noyer avec assise ronde. Fabriqu\u00e9 avec un anneau en m\u00e9tal en bas, il est parfait pour adapter sa hauteur de 46 cm \u00e0 n&rsquo;importe quel espace int\u00e9rieur.<\/p>\n","protected":false},"excerpt":{"rendered":"<p><strong> Poids <\/strong>: 5,45 kg<\/p>\n<p><strong> Mat\u00e9riaux <\/strong>: bois de h\u00eatre en noyer.<\/p>\n<p><strong> Dimensions <\/strong>:<\/p>\n<p><img loading=\"lazy\" decoding=\"async\" class=\"alignnone size-full wp-image-11924\" src=\"https:\/\/reyma-mobiliario.com\/wp-content\/uploads\/2017\/09\/brandy-banqueta-baja.jpg\" alt=\"Dimensions tabouret basse brandy REYMA\" width=\"120\" height=\"120\" \/><\/p>\n","protected":false},"featured_media":15798,"template":"","meta":[],"product_brand":[],"product_cat":[1114,1116],"product_tag":[1165,1169,1208,1147],"class_list":{"0":"post-15796","1":"product","2":"type-product","3":"status-publish","4":"has-post-thumbnail","6":"product_cat-interieur","7":"product_cat-tabouret-dinterieur","8":"product_tag-bois-de-hetre","9":"product_tag-mobilier-interieur","10":"product_tag-serie-brandy-fr","11":"product_tag-tabourets","13":"first","14":"instock","15":"shipping-taxable","16":"product-type-simple"},"aioseo_notices":[],"_links":{"self":[{"href":"https:\/\/reyma-mobiliario.com\/fr\/wp-json\/wp\/v2\/product\/15796","targetHints":{"allow":["GET"]}}],"collection":[{"href":"https:\/\/reyma-mobiliario.com\/fr\/wp-json\/wp\/v2\/product"}],"about":[{"href":"https:\/\/reyma-mobiliario.com\/fr\/wp-json\/wp\/v2\/types\/product"}],"wp:featuredmedia":[{"embeddable":true,"href":"https:\/\/reyma-mobiliario.com\/fr\/wp-json\/wp\/v2\/media\/15798"}],"wp:attachment":[{"href":"https:\/\/reyma-mobiliario.com\/fr\/wp-json\/wp\/v2\/media?parent=15796"}],"wp:term":[{"taxonomy":"product_brand","embeddable":true,"href":"https:\/\/reyma-mobiliario.com\/fr\/wp-json\/wp\/v2\/product_brand?post=15796"},{"taxonomy":"product_cat","embeddable":true,"href":"https:\/\/reyma-mobiliario.com\/fr\/wp-json\/wp\/v2\/product_cat?post=15796"},{"taxonomy":"product_tag","embeddable":true,"href":"https:\/\/reyma-mobiliario.com\/fr\/wp-json\/wp\/v2\/product_tag?post=15796"}],"curies":[{"name":"wp","href":"https:\/\/api.w.org\/{rel}","templated":true}]}}