{"id":15835,"date":"2020-04-08T10:00:24","date_gmt":"2020-05-04T11:10:36","guid":{"rendered":"https:\/\/gifted-nightingale.82-223-11-116.plesk.page\/?post_type=product&#038;p=15835"},"modified":"2024-01-29T17:01:41","modified_gmt":"2024-01-29T16:01:41","slug":"ensemble-polinesia-milano","status":"publish","type":"product","link":"https:\/\/reyma-mobiliario.com\/fr\/productos\/ensemble-polinesia-milano\/","title":{"rendered":"Ensemble Polinesia-Milano"},"content":{"rendered":"<p>Ensemble compos\u00e9 d&rsquo;une table milano hauteur 75 avec plateau compact accompagn\u00e9 d&rsquo;une chaise et d&rsquo;un fauteuil polyn\u00e9siens.<\/p>\n","protected":false},"excerpt":{"rendered":"<p>Chaise polyn\u00e9sienne en aluminium d\u00e9co bambou peint et assise volcanique moelleuse.<\/p>\n<p>Table Milano avec base en acier noir et plateau compact rond.<\/p>\n<p>Fauteuil polyn\u00e9sien en aluminium peint d\u00e9co bambou et assise volcanique moelleuse.<\/p>\n<p>&nbsp;<\/p>\n","protected":false},"featured_media":15838,"template":"","meta":[],"product_brand":[],"product_cat":[1103,1104],"product_tag":[1347,1349,1269,1305,1166],"class_list":{"0":"post-15835","1":"product","2":"type-product","3":"status-publish","4":"has-post-thumbnail","6":"product_cat-ensembles","7":"product_cat-ensembles-dexterieur","8":"product_tag-chaises","9":"product_tag-fauteuils","10":"product_tag-serie-milano-fr","11":"product_tag-serie-polinesia-fr","12":"product_tag-tables-fr","14":"first","15":"instock","16":"shipping-taxable","17":"product-type-simple"},"aioseo_notices":[],"_links":{"self":[{"href":"https:\/\/reyma-mobiliario.com\/fr\/wp-json\/wp\/v2\/product\/15835","targetHints":{"allow":["GET"]}}],"collection":[{"href":"https:\/\/reyma-mobiliario.com\/fr\/wp-json\/wp\/v2\/product"}],"about":[{"href":"https:\/\/reyma-mobiliario.com\/fr\/wp-json\/wp\/v2\/types\/product"}],"wp:featuredmedia":[{"embeddable":true,"href":"https:\/\/reyma-mobiliario.com\/fr\/wp-json\/wp\/v2\/media\/15838"}],"wp:attachment":[{"href":"https:\/\/reyma-mobiliario.com\/fr\/wp-json\/wp\/v2\/media?parent=15835"}],"wp:term":[{"taxonomy":"product_brand","embeddable":true,"href":"https:\/\/reyma-mobiliario.com\/fr\/wp-json\/wp\/v2\/product_brand?post=15835"},{"taxonomy":"product_cat","embeddable":true,"href":"https:\/\/reyma-mobiliario.com\/fr\/wp-json\/wp\/v2\/product_cat?post=15835"},{"taxonomy":"product_tag","embeddable":true,"href":"https:\/\/reyma-mobiliario.com\/fr\/wp-json\/wp\/v2\/product_tag?post=15835"}],"curies":[{"name":"wp","href":"https:\/\/api.w.org\/{rel}","templated":true}]}}