{"id":15851,"date":"2019-12-07T10:00:51","date_gmt":"2020-05-05T10:36:47","guid":{"rendered":"https:\/\/gifted-nightingale.82-223-11-116.plesk.page\/?post_type=product&#038;p=15851"},"modified":"2023-11-20T17:50:09","modified_gmt":"2023-11-20T16:50:09","slug":"chaise-de-bar-prado","status":"publish","type":"product","link":"https:\/\/reyma-mobiliario.com\/fr\/productos\/chaise-de-bar-prado\/","title":{"rendered":"Chaise de bar Prado"},"content":{"rendered":"<p>Chaise de bar d&rsquo;utilisation int\u00e9rieure en pied en aluminium peint. Il peut \u00eatre configur\u00e9 avec des bo\u00eetiers en bois de n&rsquo;importe quelle couleur pour l&rsquo;adapter aux besoins du client.<\/p>\n","protected":false},"excerpt":{"rendered":"<p><strong> Poids <\/strong>: 4,50 kg<\/p>\n<p><strong> Mat\u00e9riaux <\/strong>:<br \/>\nBo\u00eetier en bois: Kenya, \u00c9b\u00e8ne et Antarctique<br \/>\nPied en aluminium peint: blanc.<\/p>\n<p><strong>Assemblage\u00a0:<\/strong><br \/>\nBesoin d&rsquo;assemblage.<br \/>\nCarter + Pied<\/p>\n<p><strong> Dimensions <\/strong>:<br \/>\n<img loading=\"lazy\" decoding=\"async\" class=\"alignnone size-full wp-image-11924\" src=\"https:\/\/reyma-mobiliario.com\/wp-content\/uploads\/2017\/09\/prado-banqueta.jpg\" alt=\"Dimensions Tabouret Prado REYMA\" width=\"120\" height=\"120\" \/><\/p>\n","protected":false},"featured_media":15864,"template":"","meta":[],"product_brand":[],"product_cat":[1116],"product_tag":[1169,1308,1147],"class_list":{"0":"post-15851","1":"product","2":"type-product","3":"status-publish","4":"has-post-thumbnail","6":"product_cat-tabouret-dinterieur","7":"product_tag-mobilier-interieur","8":"product_tag-serie-prado-fr","9":"product_tag-tabourets","11":"first","12":"instock","13":"shipping-taxable","14":"purchasable","15":"product-type-variable"},"aioseo_notices":[],"_links":{"self":[{"href":"https:\/\/reyma-mobiliario.com\/fr\/wp-json\/wp\/v2\/product\/15851","targetHints":{"allow":["GET"]}}],"collection":[{"href":"https:\/\/reyma-mobiliario.com\/fr\/wp-json\/wp\/v2\/product"}],"about":[{"href":"https:\/\/reyma-mobiliario.com\/fr\/wp-json\/wp\/v2\/types\/product"}],"wp:featuredmedia":[{"embeddable":true,"href":"https:\/\/reyma-mobiliario.com\/fr\/wp-json\/wp\/v2\/media\/15864"}],"wp:attachment":[{"href":"https:\/\/reyma-mobiliario.com\/fr\/wp-json\/wp\/v2\/media?parent=15851"}],"wp:term":[{"taxonomy":"product_brand","embeddable":true,"href":"https:\/\/reyma-mobiliario.com\/fr\/wp-json\/wp\/v2\/product_brand?post=15851"},{"taxonomy":"product_cat","embeddable":true,"href":"https:\/\/reyma-mobiliario.com\/fr\/wp-json\/wp\/v2\/product_cat?post=15851"},{"taxonomy":"product_tag","embeddable":true,"href":"https:\/\/reyma-mobiliario.com\/fr\/wp-json\/wp\/v2\/product_tag?post=15851"}],"curies":[{"name":"wp","href":"https:\/\/api.w.org\/{rel}","templated":true}]}}