{"id":15878,"date":"2020-01-03T10:00:21","date_gmt":"2020-05-05T11:30:12","guid":{"rendered":"https:\/\/gifted-nightingale.82-223-11-116.plesk.page\/?post_type=product&#038;p=15878"},"modified":"2023-11-20T17:57:46","modified_gmt":"2023-11-20T16:57:46","slug":"chaise-de-bar-sorolla","status":"publish","type":"product","link":"https:\/\/reyma-mobiliario.com\/fr\/productos\/chaise-de-bar-sorolla\/","title":{"rendered":"Chaise de bar Sorolla"},"content":{"rendered":"<p>Chaise de bar en pied en aluminium peint blanc. Con\u00e7u pour une utilisation int\u00e9rieure, vous pouvez utiliser n&rsquo;importe quelle couleur de nos bo\u00eetiers en plastique pour l&rsquo;adapter \u00e0 l&rsquo;environnement.<\/p>\n","protected":false},"excerpt":{"rendered":"<p><strong> Poids <\/strong>: 5,40 kg<\/p>\n<p><strong> Mat\u00e9riaux <\/strong>:<br \/>\nBo\u00eetier en plastique: blanc, noir, rouge, caramel, gris et cachemire<br \/>\nPied en aluminium peint: blanc.<\/p>\n<p><strong>Assemblage\u00a0:<\/strong><br \/>\nBesoin d&rsquo;assemblage.<br \/>\nCarter + Pied<\/p>\n<p><strong> Dimensions <\/strong>:<br \/>\n<img loading=\"lazy\" decoding=\"async\" class=\"alignnone size-full wp-image-11924\" src=\"https:\/\/reyma-mobiliario.com\/wp-content\/uploads\/2017\/09\/sorolla-banqueta.jpg\" alt=\"Dimensions tabouret Sorolla REYMA\" width=\"120\" height=\"120\" \/><\/p>\n","protected":false},"featured_media":0,"template":"","meta":[],"product_brand":[],"product_cat":[1116],"product_tag":[1169,1321,1147],"class_list":{"0":"post-15878","1":"product","2":"type-product","3":"status-publish","5":"product_cat-tabouret-dinterieur","6":"product_tag-mobilier-interieur","7":"product_tag-serie-sorolla-fr","8":"product_tag-tabourets","10":"first","11":"instock","12":"shipping-taxable","13":"product-type-simple"},"aioseo_notices":[],"_links":{"self":[{"href":"https:\/\/reyma-mobiliario.com\/fr\/wp-json\/wp\/v2\/product\/15878","targetHints":{"allow":["GET"]}}],"collection":[{"href":"https:\/\/reyma-mobiliario.com\/fr\/wp-json\/wp\/v2\/product"}],"about":[{"href":"https:\/\/reyma-mobiliario.com\/fr\/wp-json\/wp\/v2\/types\/product"}],"wp:attachment":[{"href":"https:\/\/reyma-mobiliario.com\/fr\/wp-json\/wp\/v2\/media?parent=15878"}],"wp:term":[{"taxonomy":"product_brand","embeddable":true,"href":"https:\/\/reyma-mobiliario.com\/fr\/wp-json\/wp\/v2\/product_brand?post=15878"},{"taxonomy":"product_cat","embeddable":true,"href":"https:\/\/reyma-mobiliario.com\/fr\/wp-json\/wp\/v2\/product_cat?post=15878"},{"taxonomy":"product_tag","embeddable":true,"href":"https:\/\/reyma-mobiliario.com\/fr\/wp-json\/wp\/v2\/product_tag?post=15878"}],"curies":[{"name":"wp","href":"https:\/\/api.w.org\/{rel}","templated":true}]}}