{"id":15894,"date":"2020-01-13T10:00:35","date_gmt":"2020-05-05T12:17:38","guid":{"rendered":"https:\/\/gifted-nightingale.82-223-11-116.plesk.page\/?post_type=product&#038;p=15894"},"modified":"2022-05-18T15:35:39","modified_gmt":"2022-05-18T13:35:39","slug":"chaise-prado","status":"publish","type":"product","link":"https:\/\/reyma-mobiliario.com\/fr\/productos\/chaise-prado\/","title":{"rendered":"Chaise Prado"},"content":{"rendered":"<p>Chaise configurable avec des coques en bois de toutes les couleurs que nous avons disponibles et sp\u00e9cialement con\u00e7ue pour une utilisation int\u00e9rieure. Son pied en aluminium peint peut \u00eatre combin\u00e9 pour convenir au client et \u00e0 l&rsquo;espace.<\/p>\n","protected":false},"excerpt":{"rendered":"<p><strong> Poids <\/strong>: 4,05 kg<\/p>\n<p><strong> Mat\u00e9riaux <\/strong>:<br \/>\nBo\u00eetier en bois: Kenya, \u00c9b\u00e8ne ou Antarctique<br \/>\nPied en aluminium peint: gris et blanc.<\/p>\n<p><strong>Assemblage\u00a0:<\/strong><br \/>\nBesoin d&rsquo;assemblage.<br \/>\nCarter + Pied<\/p>\n<p><strong> Dimensions <\/strong>:<br \/>\n<img loading=\"lazy\" decoding=\"async\" class=\"alignnone size-full wp-image-11924\" src=\"https:\/\/reyma-mobiliario.com\/wp-content\/uploads\/2017\/09\/prado-silla.jpg\" alt=\"Dimensions chaise Prado REYMA\" width=\"120\" height=\"120\" \/><\/p>\n","protected":false},"featured_media":15904,"template":"","meta":[],"product_brand":[],"product_cat":[1121,1114],"product_tag":[1347,1169,1308],"class_list":{"0":"post-15894","1":"product","2":"type-product","3":"status-publish","4":"has-post-thumbnail","6":"product_cat-chaises-dinterieur","7":"product_cat-interieur","8":"product_tag-chaises","9":"product_tag-mobilier-interieur","10":"product_tag-serie-prado-fr","12":"first","13":"instock","14":"shipping-taxable","15":"purchasable","16":"product-type-variable"},"aioseo_notices":[],"_links":{"self":[{"href":"https:\/\/reyma-mobiliario.com\/fr\/wp-json\/wp\/v2\/product\/15894","targetHints":{"allow":["GET"]}}],"collection":[{"href":"https:\/\/reyma-mobiliario.com\/fr\/wp-json\/wp\/v2\/product"}],"about":[{"href":"https:\/\/reyma-mobiliario.com\/fr\/wp-json\/wp\/v2\/types\/product"}],"wp:featuredmedia":[{"embeddable":true,"href":"https:\/\/reyma-mobiliario.com\/fr\/wp-json\/wp\/v2\/media\/15904"}],"wp:attachment":[{"href":"https:\/\/reyma-mobiliario.com\/fr\/wp-json\/wp\/v2\/media?parent=15894"}],"wp:term":[{"taxonomy":"product_brand","embeddable":true,"href":"https:\/\/reyma-mobiliario.com\/fr\/wp-json\/wp\/v2\/product_brand?post=15894"},{"taxonomy":"product_cat","embeddable":true,"href":"https:\/\/reyma-mobiliario.com\/fr\/wp-json\/wp\/v2\/product_cat?post=15894"},{"taxonomy":"product_tag","embeddable":true,"href":"https:\/\/reyma-mobiliario.com\/fr\/wp-json\/wp\/v2\/product_tag?post=15894"}],"curies":[{"name":"wp","href":"https:\/\/api.w.org\/{rel}","templated":true}]}}