{"id":15937,"date":"2020-03-08T10:00:25","date_gmt":"2020-03-08T09:00:25","guid":{"rendered":"https:\/\/gifted-nightingale.82-223-11-116.plesk.page\/?post_type=product&#038;p=15937"},"modified":"2026-03-04T12:35:34","modified_gmt":"2026-03-04T11:35:34","slug":"chaise-america","status":"publish","type":"product","link":"https:\/\/reyma-mobiliario.com\/fr\/productos\/chaise-america\/","title":{"rendered":"Chaise Am\u00e9rica"},"content":{"rendered":"<p>Chaise \u00e0 usage int\u00e9rieur, elle peut \u00eatre configur\u00e9e avec un si\u00e8ge en bois ou rembourr\u00e9, son dossier \u00e0 lattes horizontales lui donne une touche personnelle. Fabriqu\u00e9 avec une structure en acier peint disponible en trois couleurs diff\u00e9rentes.<\/p>\n","protected":false},"excerpt":{"rendered":"<p><strong> Poids <\/strong>:<br \/>\nAvec assise rembourr\u00e9e: 6,40 kg<br \/>\nAvec assise en bois lamell\u00e9: 6,20 kg<br \/>\navec assise en bois massif: 6,80 kg<\/p>\n<p><strong> Mat\u00e9riaux <\/strong>:<br \/>\nCadre en acier soudure en laiton ou peint: graphite, bois weng\u00e9 d\u00e9co, gris vieilli avec soudure en laiton<\/p>\n<p>Si\u00e8ge:<br \/>\nBois massif<br \/>\nBois lamell\u00e9 ou lamin\u00e9: kenya, \u00e9b\u00e8ne, noyer vintage et ch\u00eane vintage<br \/>\nRev\u00eatement en <a href=\"https:\/\/reyma-mobiliario.com\/fr\/categorie-produit\/finitions\/tapisse\/\" target=\"_blank\" rel=\"noopener\">P.U. ou FABRIC<\/a><\/p>\n<p><strong> Dimensions <\/strong>:<\/p>\n<p><img loading=\"lazy\" decoding=\"async\" class=\"alignnone size-full wp-image-11924\" src=\"https:\/\/reyma-mobiliario.com\/wp-content\/uploads\/2025\/03\/2025-america-silla.jpg\" alt=\"Dimensions chaise Am\u00e9rica REYMA\" width=\"120\" height=\"120\" \/><\/p>\n","protected":false},"featured_media":33240,"template":"","meta":[],"product_brand":[],"product_cat":[1121,2098,1114],"product_tag":[1347,1169,1187],"class_list":{"0":"post-15937","1":"product","2":"type-product","3":"status-publish","4":"has-post-thumbnail","6":"product_cat-chaises-dinterieur","7":"product_cat-chaises-en-metal","8":"product_cat-interieur","9":"product_tag-chaises","10":"product_tag-mobilier-interieur","11":"product_tag-serie-america-fr","13":"first","14":"instock","15":"shipping-taxable","16":"purchasable","17":"product-type-variable"},"aioseo_notices":[],"_links":{"self":[{"href":"https:\/\/reyma-mobiliario.com\/fr\/wp-json\/wp\/v2\/product\/15937","targetHints":{"allow":["GET"]}}],"collection":[{"href":"https:\/\/reyma-mobiliario.com\/fr\/wp-json\/wp\/v2\/product"}],"about":[{"href":"https:\/\/reyma-mobiliario.com\/fr\/wp-json\/wp\/v2\/types\/product"}],"wp:featuredmedia":[{"embeddable":true,"href":"https:\/\/reyma-mobiliario.com\/fr\/wp-json\/wp\/v2\/media\/33240"}],"wp:attachment":[{"href":"https:\/\/reyma-mobiliario.com\/fr\/wp-json\/wp\/v2\/media?parent=15937"}],"wp:term":[{"taxonomy":"product_brand","embeddable":true,"href":"https:\/\/reyma-mobiliario.com\/fr\/wp-json\/wp\/v2\/product_brand?post=15937"},{"taxonomy":"product_cat","embeddable":true,"href":"https:\/\/reyma-mobiliario.com\/fr\/wp-json\/wp\/v2\/product_cat?post=15937"},{"taxonomy":"product_tag","embeddable":true,"href":"https:\/\/reyma-mobiliario.com\/fr\/wp-json\/wp\/v2\/product_tag?post=15937"}],"curies":[{"name":"wp","href":"https:\/\/api.w.org\/{rel}","templated":true}]}}