{"id":16033,"date":"2020-01-07T10:00:53","date_gmt":"2020-01-07T09:00:53","guid":{"rendered":"https:\/\/gifted-nightingale.82-223-11-116.plesk.page\/?post_type=product&#038;p=16033"},"modified":"2025-11-10T13:10:09","modified_gmt":"2025-11-10T12:10:09","slug":"fauteuil-sorolla","status":"publish","type":"product","link":"https:\/\/reyma-mobiliario.com\/fr\/productos\/fauteuil-sorolla\/","title":{"rendered":"Fauteuil Sorolla"},"content":{"rendered":"<p>Fauteuil d&rsquo;int\u00e9rieur avec coque en plastique disponible en diff\u00e9rentes couleurs. Son raisin en aluminium robuste peut \u00eatre configur\u00e9 en deux couleurs disponibles.<\/p>\n","protected":false},"excerpt":{"rendered":"<p><strong> Poids <\/strong>: 4,10 kg<\/p>\n<p><strong> Mat\u00e9riaux <\/strong>:<br \/>\nBo\u00eetier en plastique: noir, rouge, caramel et cachemire<br \/>\nPied en aluminium peint: gris et blanc.<\/p>\n<p><strong>Assemblage\u00a0:<\/strong><br \/>\nBesoin d&rsquo;assemblage.<br \/>\nCarter + Pied<\/p>\n<p><strong> Dimensions <\/strong>:<br \/>\n<img loading=\"lazy\" decoding=\"async\" class=\"alignnone size-full wp-image-11924\" src=\"https:\/\/reyma-mobiliario.com\/wp-content\/uploads\/2017\/09\/sorolla-sillon.jpg\" alt=\"Dimensions fauteuil Sorolla REYMA\" width=\"120\" height=\"120\" \/><\/p>\n","protected":false},"featured_media":15916,"template":"","meta":[],"product_brand":[],"product_cat":[1124,1114],"product_tag":[1362,1169,1321],"class_list":{"0":"post-16033","1":"product","2":"type-product","3":"status-publish","4":"has-post-thumbnail","6":"product_cat-fauteuils-dinterieur-fr","7":"product_cat-interieur","8":"product_tag-fauteuil","9":"product_tag-mobilier-interieur","10":"product_tag-serie-sorolla-fr","12":"first","13":"instock","14":"shipping-taxable","15":"purchasable","16":"product-type-variable"},"aioseo_notices":[],"_links":{"self":[{"href":"https:\/\/reyma-mobiliario.com\/fr\/wp-json\/wp\/v2\/product\/16033","targetHints":{"allow":["GET"]}}],"collection":[{"href":"https:\/\/reyma-mobiliario.com\/fr\/wp-json\/wp\/v2\/product"}],"about":[{"href":"https:\/\/reyma-mobiliario.com\/fr\/wp-json\/wp\/v2\/types\/product"}],"wp:featuredmedia":[{"embeddable":true,"href":"https:\/\/reyma-mobiliario.com\/fr\/wp-json\/wp\/v2\/media\/15916"}],"wp:attachment":[{"href":"https:\/\/reyma-mobiliario.com\/fr\/wp-json\/wp\/v2\/media?parent=16033"}],"wp:term":[{"taxonomy":"product_brand","embeddable":true,"href":"https:\/\/reyma-mobiliario.com\/fr\/wp-json\/wp\/v2\/product_brand?post=16033"},{"taxonomy":"product_cat","embeddable":true,"href":"https:\/\/reyma-mobiliario.com\/fr\/wp-json\/wp\/v2\/product_cat?post=16033"},{"taxonomy":"product_tag","embeddable":true,"href":"https:\/\/reyma-mobiliario.com\/fr\/wp-json\/wp\/v2\/product_tag?post=16033"}],"curies":[{"name":"wp","href":"https:\/\/api.w.org\/{rel}","templated":true}]}}