{"id":16041,"date":"2017-04-03T15:47:02","date_gmt":"2020-05-06T11:06:21","guid":{"rendered":"https:\/\/gifted-nightingale.82-223-11-116.plesk.page\/?post_type=product&#038;p=16041"},"modified":"2023-06-05T10:03:41","modified_gmt":"2023-06-05T08:03:41","slug":"table-catering","status":"publish","type":"product","link":"https:\/\/reyma-mobiliario.com\/fr\/productos\/table-catering\/","title":{"rendered":"Table Catering"},"content":{"rendered":"<p>Tables avec structure en acier r\u00e9sistant id\u00e9ale pour les environnements int\u00e9rieurs. Leurs panneaux en poly\u00e9thyl\u00e8ne conf\u00e8rent \u00e0 ces tables une grande polyvalence et adaptabilit\u00e9.<\/p>\n","protected":false},"excerpt":{"rendered":"<p><strong> Poids: <\/strong><br \/>\n240&#215;86: 23 kg<br \/>\n180\u00d8: 30 kg<\/p>\n<p><strong> Mat\u00e9riaux <\/strong>:<br \/>\nCadre en acier peint en gris martel\u00e9<br \/>\nPlateaux en poly\u00e9thyl\u00e8ne: 240&#215;86 et 180\u00d8<\/p>\n<p><strong>Dimensions<\/strong>:<br \/>\n<img loading=\"lazy\" decoding=\"async\" class=\"alignnone size-full wp-image-11924\" src=\"https:\/\/reyma-mobiliario.com\/wp-content\/uploads\/2021\/11\/catering-180.jpg\" alt=\"Dimensiones Mesa Catering REYMA\" width=\"120\" height=\"120\" \/><img loading=\"lazy\" decoding=\"async\" class=\"alignnone size-full wp-image-11924\" src=\"https:\/\/reyma-mobiliario.com\/wp-content\/uploads\/2021\/11\/catering-240.jpg\" alt=\"Dimensiones Mesa Catering REYMA\" width=\"120\" height=\"120\" \/><\/p>\n","protected":false},"featured_media":15758,"template":"","meta":[],"product_brand":[],"product_cat":[1117,1118],"product_tag":[1153,1166],"class_list":{"0":"post-16041","1":"product","2":"type-product","3":"status-publish","4":"has-post-thumbnail","6":"product_cat-accessoires-interieurs","7":"product_cat-catering-fr","8":"product_tag-catering-fr","9":"product_tag-tables-fr","11":"first","12":"instock","13":"shipping-taxable","14":"purchasable","15":"product-type-variable"},"aioseo_notices":[],"_links":{"self":[{"href":"https:\/\/reyma-mobiliario.com\/fr\/wp-json\/wp\/v2\/product\/16041","targetHints":{"allow":["GET"]}}],"collection":[{"href":"https:\/\/reyma-mobiliario.com\/fr\/wp-json\/wp\/v2\/product"}],"about":[{"href":"https:\/\/reyma-mobiliario.com\/fr\/wp-json\/wp\/v2\/types\/product"}],"wp:featuredmedia":[{"embeddable":true,"href":"https:\/\/reyma-mobiliario.com\/fr\/wp-json\/wp\/v2\/media\/15758"}],"wp:attachment":[{"href":"https:\/\/reyma-mobiliario.com\/fr\/wp-json\/wp\/v2\/media?parent=16041"}],"wp:term":[{"taxonomy":"product_brand","embeddable":true,"href":"https:\/\/reyma-mobiliario.com\/fr\/wp-json\/wp\/v2\/product_brand?post=16041"},{"taxonomy":"product_cat","embeddable":true,"href":"https:\/\/reyma-mobiliario.com\/fr\/wp-json\/wp\/v2\/product_cat?post=16041"},{"taxonomy":"product_tag","embeddable":true,"href":"https:\/\/reyma-mobiliario.com\/fr\/wp-json\/wp\/v2\/product_tag?post=16041"}],"curies":[{"name":"wp","href":"https:\/\/api.w.org\/{rel}","templated":true}]}}