{"id":16044,"date":"2013-02-04T10:00:53","date_gmt":"2020-05-06T11:33:40","guid":{"rendered":"https:\/\/gifted-nightingale.82-223-11-116.plesk.page\/?post_type=product&#038;p=16044"},"modified":"2022-05-10T17:30:48","modified_gmt":"2022-05-10T15:30:48","slug":"coussin-eros-versalles","status":"publish","type":"product","link":"https:\/\/reyma-mobiliario.com\/fr\/productos\/coussin-eros-versalles\/","title":{"rendered":"Coussin Eros \/ Versalles"},"content":{"rendered":"<p>Coussins sp\u00e9cialement con\u00e7us pour augmenter le confort des chaises et fauteuils des s\u00e9ries eros et versailles. Ils peuvent \u00eatre adapt\u00e9s \u00e0 d&rsquo;autres mod\u00e8les de chaises et fauteuils d&rsquo;autres s\u00e9ries.<\/p>\n","protected":false},"excerpt":{"rendered":"<p>Pour fauteuils et chaises Versailles et Eros.<\/p>\n<p>Couleurs: Beige, Gris anthracite ou Bordeaux<\/p>\n","protected":false},"featured_media":16045,"template":"","meta":[],"product_brand":[],"product_cat":[1109],"product_tag":[1154],"class_list":{"0":"post-16044","1":"product","2":"type-product","3":"status-publish","4":"has-post-thumbnail","6":"product_cat-complements-exterieurs","7":"product_tag-collection-2017-fr","9":"first","10":"instock","11":"shipping-taxable","12":"product-type-variable"},"aioseo_notices":[],"_links":{"self":[{"href":"https:\/\/reyma-mobiliario.com\/fr\/wp-json\/wp\/v2\/product\/16044","targetHints":{"allow":["GET"]}}],"collection":[{"href":"https:\/\/reyma-mobiliario.com\/fr\/wp-json\/wp\/v2\/product"}],"about":[{"href":"https:\/\/reyma-mobiliario.com\/fr\/wp-json\/wp\/v2\/types\/product"}],"wp:featuredmedia":[{"embeddable":true,"href":"https:\/\/reyma-mobiliario.com\/fr\/wp-json\/wp\/v2\/media\/16045"}],"wp:attachment":[{"href":"https:\/\/reyma-mobiliario.com\/fr\/wp-json\/wp\/v2\/media?parent=16044"}],"wp:term":[{"taxonomy":"product_brand","embeddable":true,"href":"https:\/\/reyma-mobiliario.com\/fr\/wp-json\/wp\/v2\/product_brand?post=16044"},{"taxonomy":"product_cat","embeddable":true,"href":"https:\/\/reyma-mobiliario.com\/fr\/wp-json\/wp\/v2\/product_cat?post=16044"},{"taxonomy":"product_tag","embeddable":true,"href":"https:\/\/reyma-mobiliario.com\/fr\/wp-json\/wp\/v2\/product_tag?post=16044"}],"curies":[{"name":"wp","href":"https:\/\/api.w.org\/{rel}","templated":true}]}}