{"id":16132,"date":"2013-05-26T15:56:00","date_gmt":"2020-05-08T07:17:29","guid":{"rendered":"https:\/\/gifted-nightingale.82-223-11-116.plesk.page\/?post_type=product&#038;p=16132"},"modified":"2023-05-04T12:47:54","modified_gmt":"2023-05-04T10:47:54","slug":"finition-studio-vulcano","status":"publish","type":"product","link":"https:\/\/reyma-mobiliario.com\/fr\/productos\/finition-studio-vulcano\/","title":{"rendered":"Finition STUDIO: Vulcano"},"content":{"rendered":"","protected":false},"excerpt":{"rendered":"<p><strong>Fabricant:<\/strong> Werzalit<br \/>\n<strong>Finition:<\/strong> Studio<\/p>\n<p><strong>Tailles disponibles:<\/strong><br \/>\n60\u00d8, 70\u00d8, 80\u00d8<br \/>\n100&#215;60, 110&#215;70, 120&#215;80<\/p>\n","protected":false},"featured_media":16133,"template":"","meta":[],"product_brand":[],"product_cat":[1137],"product_tag":[1141,1158,1357],"class_list":{"0":"post-16132","1":"product","2":"type-product","3":"status-publish","4":"has-post-thumbnail","6":"product_cat-werzalit-fr","7":"product_tag-finition-studio","8":"product_tag-outlet-fr","9":"product_tag-plateaux-werzalit","11":"first","12":"instock","13":"shipping-taxable","14":"product-type-simple"},"aioseo_notices":[],"_links":{"self":[{"href":"https:\/\/reyma-mobiliario.com\/fr\/wp-json\/wp\/v2\/product\/16132","targetHints":{"allow":["GET"]}}],"collection":[{"href":"https:\/\/reyma-mobiliario.com\/fr\/wp-json\/wp\/v2\/product"}],"about":[{"href":"https:\/\/reyma-mobiliario.com\/fr\/wp-json\/wp\/v2\/types\/product"}],"wp:featuredmedia":[{"embeddable":true,"href":"https:\/\/reyma-mobiliario.com\/fr\/wp-json\/wp\/v2\/media\/16133"}],"wp:attachment":[{"href":"https:\/\/reyma-mobiliario.com\/fr\/wp-json\/wp\/v2\/media?parent=16132"}],"wp:term":[{"taxonomy":"product_brand","embeddable":true,"href":"https:\/\/reyma-mobiliario.com\/fr\/wp-json\/wp\/v2\/product_brand?post=16132"},{"taxonomy":"product_cat","embeddable":true,"href":"https:\/\/reyma-mobiliario.com\/fr\/wp-json\/wp\/v2\/product_cat?post=16132"},{"taxonomy":"product_tag","embeddable":true,"href":"https:\/\/reyma-mobiliario.com\/fr\/wp-json\/wp\/v2\/product_tag?post=16132"}],"curies":[{"name":"wp","href":"https:\/\/api.w.org\/{rel}","templated":true}]}}