{"id":16152,"date":"2020-09-13T09:00:17","date_gmt":"2020-05-08T08:46:53","guid":{"rendered":"https:\/\/gifted-nightingale.82-223-11-116.plesk.page\/?post_type=product&#038;p=16152"},"modified":"2023-11-13T12:32:27","modified_gmt":"2023-11-13T11:32:27","slug":"table-bulevar","status":"publish","type":"product","link":"https:\/\/reyma-mobiliario.com\/fr\/productos\/table-bulevar\/","title":{"rendered":"Table Bulevar 504"},"content":{"rendered":"<p>Table en fonte 4 points. Style vintage adaptable \u00e0 l&rsquo;int\u00e9rieur et \u00e0 l&rsquo;ext\u00e9rieur.<\/p>\n","protected":false},"excerpt":{"rendered":"<p><strong>Hauteur\u00a0:<\/strong> 75\u00a0cm<\/p>\n<p><strong>Mat\u00e9riaux<\/strong>\u00a0:<br \/>\nPied en fonte d&rsquo;aluminium<br \/>\nPlateaux: werzalit, Compact et M\u00e9lamine*.<\/p>\n<p>*M\u00e9lamine solo per l&rsquo;interieur.<\/p>\n<p><strong>Mesures de plateau\u00a0:<\/strong><br \/>\n80\u00d8, 60&#215;60 et 70&#215;70<\/p>\n","protected":false},"featured_media":26133,"template":"","meta":[],"product_brand":[],"product_cat":[1106,1114,1110,1119],"product_tag":[1161,1169,1213,1166],"class_list":{"0":"post-16152","1":"product","2":"type-product","3":"status-publish","4":"has-post-thumbnail","6":"product_cat-exterieur","7":"product_cat-interieur","8":"product_cat-tables-dexterieur","9":"product_cat-tables-dinterieur","10":"product_tag-fonte-daluminium","11":"product_tag-mobilier-interieur","12":"product_tag-serie-bulevar-fr","13":"product_tag-tables-fr","15":"first","16":"instock","17":"shipping-taxable","18":"purchasable","19":"product-type-variable"},"aioseo_notices":[],"_links":{"self":[{"href":"https:\/\/reyma-mobiliario.com\/fr\/wp-json\/wp\/v2\/product\/16152","targetHints":{"allow":["GET"]}}],"collection":[{"href":"https:\/\/reyma-mobiliario.com\/fr\/wp-json\/wp\/v2\/product"}],"about":[{"href":"https:\/\/reyma-mobiliario.com\/fr\/wp-json\/wp\/v2\/types\/product"}],"wp:featuredmedia":[{"embeddable":true,"href":"https:\/\/reyma-mobiliario.com\/fr\/wp-json\/wp\/v2\/media\/26133"}],"wp:attachment":[{"href":"https:\/\/reyma-mobiliario.com\/fr\/wp-json\/wp\/v2\/media?parent=16152"}],"wp:term":[{"taxonomy":"product_brand","embeddable":true,"href":"https:\/\/reyma-mobiliario.com\/fr\/wp-json\/wp\/v2\/product_brand?post=16152"},{"taxonomy":"product_cat","embeddable":true,"href":"https:\/\/reyma-mobiliario.com\/fr\/wp-json\/wp\/v2\/product_cat?post=16152"},{"taxonomy":"product_tag","embeddable":true,"href":"https:\/\/reyma-mobiliario.com\/fr\/wp-json\/wp\/v2\/product_tag?post=16152"}],"curies":[{"name":"wp","href":"https:\/\/api.w.org\/{rel}","templated":true}]}}