{"id":16159,"date":"2020-09-08T10:00:27","date_gmt":"2020-05-08T08:52:17","guid":{"rendered":"https:\/\/gifted-nightingale.82-223-11-116.plesk.page\/?post_type=product&#038;p=16159"},"modified":"2023-11-13T12:33:30","modified_gmt":"2023-11-13T11:33:30","slug":"table-greco","status":"publish","type":"product","link":"https:\/\/reyma-mobiliario.com\/fr\/productos\/table-greco\/","title":{"rendered":"Table Greco"},"content":{"rendered":"<p>Table vintage de style industriel con\u00e7ue pour une utilisation en int\u00e9rieur ou des terrasses couvertes et acclimat\u00e9es. Disponible pour configurer des tables rondes, carr\u00e9es ou rectangulaires de diff\u00e9rentes tailles.<\/p>\n","protected":false},"excerpt":{"rendered":"<p><strong> Hauteur: <\/strong> 75 cm<\/p>\n<p><strong> Mat\u00e9riaux <\/strong>: pied en fonte d&rsquo;aluminium et fonte<\/p>\n<p>Plateaux: werzalit, Compact et m\u00e9lamine*.<br \/>\n*m\u00e9lamine pour usage int\u00e9rieur uniquement<\/p>\n<p><strong> Dimensions du plateaux: <\/strong><br \/>\n60\u00d8, 70\u00d8, 80\u00d8, 90\u00d8, 120\u00d8, 60&#215;60, 70&#215;70, 80&#215;80, 90&#215;90.<\/p>\n","protected":false},"featured_media":16162,"template":"","meta":[],"product_brand":[],"product_cat":[1106,1114,1110,1119],"product_tag":[1162,1161,1169,1251,1166],"class_list":{"0":"post-16159","1":"product","2":"type-product","3":"status-publish","4":"has-post-thumbnail","6":"product_cat-exterieur","7":"product_cat-interieur","8":"product_cat-tables-dexterieur","9":"product_cat-tables-dinterieur","10":"product_tag-fonte","11":"product_tag-fonte-daluminium","12":"product_tag-mobilier-interieur","13":"product_tag-serie-greco-fr","14":"product_tag-tables-fr","16":"first","17":"instock","18":"shipping-taxable","19":"purchasable","20":"product-type-variable"},"aioseo_notices":[],"_links":{"self":[{"href":"https:\/\/reyma-mobiliario.com\/fr\/wp-json\/wp\/v2\/product\/16159","targetHints":{"allow":["GET"]}}],"collection":[{"href":"https:\/\/reyma-mobiliario.com\/fr\/wp-json\/wp\/v2\/product"}],"about":[{"href":"https:\/\/reyma-mobiliario.com\/fr\/wp-json\/wp\/v2\/types\/product"}],"wp:featuredmedia":[{"embeddable":true,"href":"https:\/\/reyma-mobiliario.com\/fr\/wp-json\/wp\/v2\/media\/16162"}],"wp:attachment":[{"href":"https:\/\/reyma-mobiliario.com\/fr\/wp-json\/wp\/v2\/media?parent=16159"}],"wp:term":[{"taxonomy":"product_brand","embeddable":true,"href":"https:\/\/reyma-mobiliario.com\/fr\/wp-json\/wp\/v2\/product_brand?post=16159"},{"taxonomy":"product_cat","embeddable":true,"href":"https:\/\/reyma-mobiliario.com\/fr\/wp-json\/wp\/v2\/product_cat?post=16159"},{"taxonomy":"product_tag","embeddable":true,"href":"https:\/\/reyma-mobiliario.com\/fr\/wp-json\/wp\/v2\/product_tag?post=16159"}],"curies":[{"name":"wp","href":"https:\/\/api.w.org\/{rel}","templated":true}]}}