{"id":16197,"date":"2020-04-06T16:00:52","date_gmt":"2020-05-11T10:01:56","guid":{"rendered":"https:\/\/gifted-nightingale.82-223-11-116.plesk.page\/?post_type=product&#038;p=16197"},"modified":"2024-01-29T18:18:06","modified_gmt":"2024-01-29T17:18:06","slug":"ensemble-polinesia-milano-2","status":"publish","type":"product","link":"https:\/\/reyma-mobiliario.com\/fr\/productos\/ensemble-polinesia-milano-2\/","title":{"rendered":"Ensemble Polinesia Milano"},"content":{"rendered":"<p>Ensemble compos\u00e9 d&rsquo;une table milano de 110 hauteurs avec un plateau en m\u00e9lamine accompagn\u00e9 de tabourets polyn\u00e9siens.<\/p>\n","protected":false},"excerpt":{"rendered":"<p>Tabouret polyn\u00e9sien en aluminium peint d\u00e9co bambou et assise en moelle de volcan.<\/p>\n<p>Table Milano avec base en acier noir et plateau en m\u00e9lamin\u00e9.<\/p>\n","protected":false},"featured_media":16198,"template":"","meta":[],"product_brand":[],"product_cat":[1103,1104],"product_tag":[1269,1305,1166,1147],"class_list":{"0":"post-16197","1":"product","2":"type-product","3":"status-publish","4":"has-post-thumbnail","6":"product_cat-ensembles","7":"product_cat-ensembles-dexterieur","8":"product_tag-serie-milano-fr","9":"product_tag-serie-polinesia-fr","10":"product_tag-tables-fr","11":"product_tag-tabourets","13":"first","14":"instock","15":"shipping-taxable","16":"product-type-simple"},"aioseo_notices":[],"_links":{"self":[{"href":"https:\/\/reyma-mobiliario.com\/fr\/wp-json\/wp\/v2\/product\/16197","targetHints":{"allow":["GET"]}}],"collection":[{"href":"https:\/\/reyma-mobiliario.com\/fr\/wp-json\/wp\/v2\/product"}],"about":[{"href":"https:\/\/reyma-mobiliario.com\/fr\/wp-json\/wp\/v2\/types\/product"}],"wp:featuredmedia":[{"embeddable":true,"href":"https:\/\/reyma-mobiliario.com\/fr\/wp-json\/wp\/v2\/media\/16198"}],"wp:attachment":[{"href":"https:\/\/reyma-mobiliario.com\/fr\/wp-json\/wp\/v2\/media?parent=16197"}],"wp:term":[{"taxonomy":"product_brand","embeddable":true,"href":"https:\/\/reyma-mobiliario.com\/fr\/wp-json\/wp\/v2\/product_brand?post=16197"},{"taxonomy":"product_cat","embeddable":true,"href":"https:\/\/reyma-mobiliario.com\/fr\/wp-json\/wp\/v2\/product_cat?post=16197"},{"taxonomy":"product_tag","embeddable":true,"href":"https:\/\/reyma-mobiliario.com\/fr\/wp-json\/wp\/v2\/product_tag?post=16197"}],"curies":[{"name":"wp","href":"https:\/\/api.w.org\/{rel}","templated":true}]}}