{"id":16264,"date":"2024-01-11T10:00:12","date_gmt":"2020-05-14T16:39:18","guid":{"rendered":"https:\/\/gifted-nightingale.82-223-11-116.plesk.page\/?post_type=product&#038;p=16264"},"modified":"2023-07-21T09:19:53","modified_gmt":"2023-07-21T07:19:53","slug":"ensemble-murano-michigan","status":"publish","type":"product","link":"https:\/\/reyma-mobiliario.com\/fr\/productos\/ensemble-murano-michigan\/","title":{"rendered":"Ensemble Murano-Milano"},"content":{"rendered":"<p>Ensembles de chaises de Murano dans diff\u00e9rentes couleurs avec diff\u00e9rentes tables.<\/p>\n","protected":false},"excerpt":{"rendered":"<p>Chaise Murano en acier peint en noir avec assise et dossier rembourr\u00e9s<\/p>\n<p>Table Michigan en acier peint noir avec plateau rond en m\u00e9lamin\u00e9<br \/>\nTable Columbia en acier python noir avec plateau en m\u00e9lamin\u00e9 ou m\u00e9tal m\u00e9lamin\u00e9.<br \/>\nTable milano en acier peint en noir avec plateau en m\u00e9lamine.<\/p>\n","protected":false},"featured_media":18011,"template":"","meta":[],"product_brand":[],"product_cat":[1103,1105],"product_tag":[1157],"class_list":{"0":"post-16264","1":"product","2":"type-product","3":"status-publish","4":"has-post-thumbnail","6":"product_cat-ensembles","7":"product_cat-ensembles-dinterieur","8":"product_tag-ensembles","10":"first","11":"instock","12":"shipping-taxable","13":"product-type-simple"},"aioseo_notices":[],"_links":{"self":[{"href":"https:\/\/reyma-mobiliario.com\/fr\/wp-json\/wp\/v2\/product\/16264","targetHints":{"allow":["GET"]}}],"collection":[{"href":"https:\/\/reyma-mobiliario.com\/fr\/wp-json\/wp\/v2\/product"}],"about":[{"href":"https:\/\/reyma-mobiliario.com\/fr\/wp-json\/wp\/v2\/types\/product"}],"wp:featuredmedia":[{"embeddable":true,"href":"https:\/\/reyma-mobiliario.com\/fr\/wp-json\/wp\/v2\/media\/18011"}],"wp:attachment":[{"href":"https:\/\/reyma-mobiliario.com\/fr\/wp-json\/wp\/v2\/media?parent=16264"}],"wp:term":[{"taxonomy":"product_brand","embeddable":true,"href":"https:\/\/reyma-mobiliario.com\/fr\/wp-json\/wp\/v2\/product_brand?post=16264"},{"taxonomy":"product_cat","embeddable":true,"href":"https:\/\/reyma-mobiliario.com\/fr\/wp-json\/wp\/v2\/product_cat?post=16264"},{"taxonomy":"product_tag","embeddable":true,"href":"https:\/\/reyma-mobiliario.com\/fr\/wp-json\/wp\/v2\/product_tag?post=16264"}],"curies":[{"name":"wp","href":"https:\/\/api.w.org\/{rel}","templated":true}]}}