{"id":16273,"date":"2019-01-17T10:00:51","date_gmt":"2020-05-14T16:48:31","guid":{"rendered":"https:\/\/gifted-nightingale.82-223-11-116.plesk.page\/?post_type=product&#038;p=16273"},"modified":"2022-01-25T09:46:13","modified_gmt":"2022-01-25T08:46:13","slug":"ensemble-davos-gran-bohemia","status":"publish","type":"product","link":"https:\/\/reyma-mobiliario.com\/fr\/productos\/ensemble-davos-gran-bohemia\/","title":{"rendered":"Ensemble Davos-Gran Bohemia"},"content":{"rendered":"<p>Le fauteuil Davos se d\u00e9cline en diff\u00e9rents rev\u00eatements et est accompagn\u00e9 d&rsquo;une chaise boh\u00e8me.<\/p>\n","protected":false},"excerpt":{"rendered":"<p>Fauteuil Davos en acier peint en noir avec assise rembourr\u00e9e.<br \/>\nGrande chaise boh\u00e8me en acier peint en noir avec assise et dossier rembourr\u00e9s.<\/p>\n<p>Table Kolonia avec base ronde et plateau carr\u00e9 en m\u00e9lamin\u00e9 m\u00e9tal.<br \/>\nTable Orleans en fonte avec colonne tourn\u00e9e et plateau rond en m\u00e9lamin\u00e9 m\u00e9tal<br \/>\nTable Hotel 55 avec colonne tourn\u00e9e et plateau rond en m\u00e9lamine<br \/>\nTable milano en acier peint en noir avec plateau en m\u00e9lamin\u00e9 m\u00e9tal<br \/>\nTable Hotel 42 avec colonne tourn\u00e9e et plateau avec anneau en laiton.<\/p>\n","protected":false},"featured_media":16310,"template":"","meta":[],"product_brand":[],"product_cat":[1103,1105],"product_tag":[1157],"class_list":{"0":"post-16273","1":"product","2":"type-product","3":"status-publish","4":"has-post-thumbnail","6":"product_cat-ensembles","7":"product_cat-ensembles-dinterieur","8":"product_tag-ensembles","10":"first","11":"instock","12":"shipping-taxable","13":"product-type-simple"},"aioseo_notices":[],"_links":{"self":[{"href":"https:\/\/reyma-mobiliario.com\/fr\/wp-json\/wp\/v2\/product\/16273","targetHints":{"allow":["GET"]}}],"collection":[{"href":"https:\/\/reyma-mobiliario.com\/fr\/wp-json\/wp\/v2\/product"}],"about":[{"href":"https:\/\/reyma-mobiliario.com\/fr\/wp-json\/wp\/v2\/types\/product"}],"wp:featuredmedia":[{"embeddable":true,"href":"https:\/\/reyma-mobiliario.com\/fr\/wp-json\/wp\/v2\/media\/16310"}],"wp:attachment":[{"href":"https:\/\/reyma-mobiliario.com\/fr\/wp-json\/wp\/v2\/media?parent=16273"}],"wp:term":[{"taxonomy":"product_brand","embeddable":true,"href":"https:\/\/reyma-mobiliario.com\/fr\/wp-json\/wp\/v2\/product_brand?post=16273"},{"taxonomy":"product_cat","embeddable":true,"href":"https:\/\/reyma-mobiliario.com\/fr\/wp-json\/wp\/v2\/product_cat?post=16273"},{"taxonomy":"product_tag","embeddable":true,"href":"https:\/\/reyma-mobiliario.com\/fr\/wp-json\/wp\/v2\/product_tag?post=16273"}],"curies":[{"name":"wp","href":"https:\/\/api.w.org\/{rel}","templated":true}]}}