{"id":16292,"date":"2023-07-17T09:00:54","date_gmt":"2020-05-15T08:24:55","guid":{"rendered":"https:\/\/gifted-nightingale.82-223-11-116.plesk.page\/?post_type=product&#038;p=16292"},"modified":"2023-07-21T09:19:34","modified_gmt":"2023-07-21T07:19:34","slug":"ensemble-gran-bohemia-sanghai-v","status":"publish","type":"product","link":"https:\/\/reyma-mobiliario.com\/fr\/productos\/ensemble-gran-bohemia-sanghai-v\/","title":{"rendered":"Ensemble Gran Bohemia"},"content":{"rendered":"<p>Ensembles avec grande chaise boh\u00e8me avec diff\u00e9rentes finitions.<\/p>\n","protected":false},"excerpt":{"rendered":"<p>Chaise Gran Bohemia rembourr\u00e9e en acier peint en noir.<\/p>\n<p>Table Sanghai-V en acier peint noir avec plateau rond en m\u00e9lamin\u00e9.<br \/>\nTable opera 42 en fonte avec colonne tourn\u00e9e et plateau carr\u00e9 en m\u00e9lamin\u00e9 m\u00e9tal.<\/p>\n<div><\/div>\n","protected":false},"featured_media":16303,"template":"","meta":[],"product_brand":[],"product_cat":[1103,1105],"product_tag":[1157,1205],"class_list":{"0":"post-16292","1":"product","2":"type-product","3":"status-publish","4":"has-post-thumbnail","6":"product_cat-ensembles","7":"product_cat-ensembles-dinterieur","8":"product_tag-ensembles","9":"product_tag-serie-bohemia-fr","11":"first","12":"instock","13":"shipping-taxable","14":"product-type-simple"},"aioseo_notices":[],"_links":{"self":[{"href":"https:\/\/reyma-mobiliario.com\/fr\/wp-json\/wp\/v2\/product\/16292","targetHints":{"allow":["GET"]}}],"collection":[{"href":"https:\/\/reyma-mobiliario.com\/fr\/wp-json\/wp\/v2\/product"}],"about":[{"href":"https:\/\/reyma-mobiliario.com\/fr\/wp-json\/wp\/v2\/types\/product"}],"wp:featuredmedia":[{"embeddable":true,"href":"https:\/\/reyma-mobiliario.com\/fr\/wp-json\/wp\/v2\/media\/16303"}],"wp:attachment":[{"href":"https:\/\/reyma-mobiliario.com\/fr\/wp-json\/wp\/v2\/media?parent=16292"}],"wp:term":[{"taxonomy":"product_brand","embeddable":true,"href":"https:\/\/reyma-mobiliario.com\/fr\/wp-json\/wp\/v2\/product_brand?post=16292"},{"taxonomy":"product_cat","embeddable":true,"href":"https:\/\/reyma-mobiliario.com\/fr\/wp-json\/wp\/v2\/product_cat?post=16292"},{"taxonomy":"product_tag","embeddable":true,"href":"https:\/\/reyma-mobiliario.com\/fr\/wp-json\/wp\/v2\/product_tag?post=16292"}],"curies":[{"name":"wp","href":"https:\/\/api.w.org\/{rel}","templated":true}]}}