{"id":16296,"date":"2021-01-18T10:00:29","date_gmt":"2020-05-15T08:32:41","guid":{"rendered":"https:\/\/gifted-nightingale.82-223-11-116.plesk.page\/?post_type=product&#038;p=16296"},"modified":"2022-01-25T09:44:37","modified_gmt":"2022-01-25T08:44:37","slug":"ensemble-davos-murano","status":"publish","type":"product","link":"https:\/\/reyma-mobiliario.com\/fr\/productos\/ensemble-davos-murano\/","title":{"rendered":"Ensemble Davos-Murano"},"content":{"rendered":"<p>Ensemble de fauteuils et chaises de Murano Davos avec tables debout en acier<\/p>\n","protected":false},"excerpt":{"rendered":"<p>Fauteuil Davos rembourr\u00e9 en acier peint en noir.<\/p>\n<p>Chaise Murano en acier peint en noir rembourr\u00e9.<\/p>\n<p>Table en acier Hotel 55 avec plateau rond en m\u00e9lamin\u00e9.<br \/>\nTable en acier Hotel 42 avec colonne tourn\u00e9e et plateau en m\u00e9lamin\u00e9.<\/p>\n","protected":false},"featured_media":16306,"template":"","meta":[],"product_brand":[],"product_cat":[1103,1105],"product_tag":[1157],"class_list":{"0":"post-16296","1":"product","2":"type-product","3":"status-publish","4":"has-post-thumbnail","6":"product_cat-ensembles","7":"product_cat-ensembles-dinterieur","8":"product_tag-ensembles","10":"first","11":"instock","12":"shipping-taxable","13":"product-type-simple"},"aioseo_notices":[],"_links":{"self":[{"href":"https:\/\/reyma-mobiliario.com\/fr\/wp-json\/wp\/v2\/product\/16296","targetHints":{"allow":["GET"]}}],"collection":[{"href":"https:\/\/reyma-mobiliario.com\/fr\/wp-json\/wp\/v2\/product"}],"about":[{"href":"https:\/\/reyma-mobiliario.com\/fr\/wp-json\/wp\/v2\/types\/product"}],"wp:featuredmedia":[{"embeddable":true,"href":"https:\/\/reyma-mobiliario.com\/fr\/wp-json\/wp\/v2\/media\/16306"}],"wp:attachment":[{"href":"https:\/\/reyma-mobiliario.com\/fr\/wp-json\/wp\/v2\/media?parent=16296"}],"wp:term":[{"taxonomy":"product_brand","embeddable":true,"href":"https:\/\/reyma-mobiliario.com\/fr\/wp-json\/wp\/v2\/product_brand?post=16296"},{"taxonomy":"product_cat","embeddable":true,"href":"https:\/\/reyma-mobiliario.com\/fr\/wp-json\/wp\/v2\/product_cat?post=16296"},{"taxonomy":"product_tag","embeddable":true,"href":"https:\/\/reyma-mobiliario.com\/fr\/wp-json\/wp\/v2\/product_tag?post=16296"}],"curies":[{"name":"wp","href":"https:\/\/api.w.org\/{rel}","templated":true}]}}