{"id":16335,"date":"2023-06-29T10:20:11","date_gmt":"2020-05-15T09:41:37","guid":{"rendered":"https:\/\/gifted-nightingale.82-223-11-116.plesk.page\/?post_type=product&#038;p=16335"},"modified":"2024-01-30T16:42:02","modified_gmt":"2024-01-30T15:42:02","slug":"ensemble-filipinas","status":"publish","type":"product","link":"https:\/\/reyma-mobiliario.com\/fr\/productos\/ensemble-filipinas\/","title":{"rendered":"Ensemble Filipinas"},"content":{"rendered":"","protected":false},"excerpt":{"rendered":"<p>Fauteuil Filipinas en aluminium peint d\u00e9co bambou avec assise et dossier en textil\u00e8ne duo vert et cr\u00e8me.<br \/>\nTable Islandia en aluminium peint en blanc et plateau rond compact.<\/p>\n<p>Fauteuil Filipinas aluminium d\u00e9co bambou peint avec assise et dossier moelleux rouge et cr\u00e8me.<br \/>\nTable Paris en fonte avec plateau rond avec anneau en laiton.<\/p>\n<p>Fauteuils Filipinas peints en bambou d\u00e9co avec assise en textil\u00e8ne.<br \/>\nTable noruega en aluminium avec plateau compact rond.<br \/>\nTable Oslo 3 points en aluminium laqu\u00e9 gris avec plateau werzalit.<\/p>\n","protected":false},"featured_media":26975,"template":"","meta":[],"product_brand":[],"product_cat":[1103,1104],"product_tag":[1157],"class_list":{"0":"post-16335","1":"product","2":"type-product","3":"status-publish","4":"has-post-thumbnail","6":"product_cat-ensembles","7":"product_cat-ensembles-dexterieur","8":"product_tag-ensembles","10":"first","11":"instock","12":"shipping-taxable","13":"product-type-simple"},"aioseo_notices":[],"_links":{"self":[{"href":"https:\/\/reyma-mobiliario.com\/fr\/wp-json\/wp\/v2\/product\/16335","targetHints":{"allow":["GET"]}}],"collection":[{"href":"https:\/\/reyma-mobiliario.com\/fr\/wp-json\/wp\/v2\/product"}],"about":[{"href":"https:\/\/reyma-mobiliario.com\/fr\/wp-json\/wp\/v2\/types\/product"}],"wp:featuredmedia":[{"embeddable":true,"href":"https:\/\/reyma-mobiliario.com\/fr\/wp-json\/wp\/v2\/media\/26975"}],"wp:attachment":[{"href":"https:\/\/reyma-mobiliario.com\/fr\/wp-json\/wp\/v2\/media?parent=16335"}],"wp:term":[{"taxonomy":"product_brand","embeddable":true,"href":"https:\/\/reyma-mobiliario.com\/fr\/wp-json\/wp\/v2\/product_brand?post=16335"},{"taxonomy":"product_cat","embeddable":true,"href":"https:\/\/reyma-mobiliario.com\/fr\/wp-json\/wp\/v2\/product_cat?post=16335"},{"taxonomy":"product_tag","embeddable":true,"href":"https:\/\/reyma-mobiliario.com\/fr\/wp-json\/wp\/v2\/product_tag?post=16335"}],"curies":[{"name":"wp","href":"https:\/\/api.w.org\/{rel}","templated":true}]}}