{"id":16371,"date":"2018-12-23T10:00:04","date_gmt":"2020-05-18T10:57:05","guid":{"rendered":"https:\/\/gifted-nightingale.82-223-11-116.plesk.page\/?post_type=product&#038;p=16371"},"modified":"2020-05-18T12:57:06","modified_gmt":"2020-05-18T10:57:06","slug":"ensemble-paris-lombardia","status":"publish","type":"product","link":"https:\/\/reyma-mobiliario.com\/fr\/productos\/ensemble-paris-lombardia\/","title":{"rendered":"Ensemble Paris &#8211; Lombard\u00eda"},"content":{"rendered":"<p>Table \u00e0 4 pieds Paris avec chaises tapiss\u00e9es lombardie.<\/p>\n","protected":false},"excerpt":{"rendered":"<p>Chaise Lombardie avec structure en acier rembourr\u00e9e en blanc.<\/p>\n<p>Table Paris \u00e0 4 pieds avec plateau en m\u00e9lamin\u00e9 gris atenea avec bordure d\u00e9co en bronze.<\/p>\n","protected":false},"featured_media":16373,"template":"","meta":[],"product_brand":[],"product_cat":[1103,1105],"product_tag":[1362,1259,1299,1166],"class_list":{"0":"post-16371","1":"product","2":"type-product","3":"status-publish","4":"has-post-thumbnail","6":"product_cat-ensembles","7":"product_cat-ensembles-dinterieur","8":"product_tag-fauteuil","9":"product_tag-serie-lombardia-fr","10":"product_tag-serie-paris-fr","11":"product_tag-tables-fr","13":"first","14":"instock","15":"shipping-taxable","16":"product-type-simple"},"aioseo_notices":[],"_links":{"self":[{"href":"https:\/\/reyma-mobiliario.com\/fr\/wp-json\/wp\/v2\/product\/16371","targetHints":{"allow":["GET"]}}],"collection":[{"href":"https:\/\/reyma-mobiliario.com\/fr\/wp-json\/wp\/v2\/product"}],"about":[{"href":"https:\/\/reyma-mobiliario.com\/fr\/wp-json\/wp\/v2\/types\/product"}],"wp:featuredmedia":[{"embeddable":true,"href":"https:\/\/reyma-mobiliario.com\/fr\/wp-json\/wp\/v2\/media\/16373"}],"wp:attachment":[{"href":"https:\/\/reyma-mobiliario.com\/fr\/wp-json\/wp\/v2\/media?parent=16371"}],"wp:term":[{"taxonomy":"product_brand","embeddable":true,"href":"https:\/\/reyma-mobiliario.com\/fr\/wp-json\/wp\/v2\/product_brand?post=16371"},{"taxonomy":"product_cat","embeddable":true,"href":"https:\/\/reyma-mobiliario.com\/fr\/wp-json\/wp\/v2\/product_cat?post=16371"},{"taxonomy":"product_tag","embeddable":true,"href":"https:\/\/reyma-mobiliario.com\/fr\/wp-json\/wp\/v2\/product_tag?post=16371"}],"curies":[{"name":"wp","href":"https:\/\/api.w.org\/{rel}","templated":true}]}}