{"id":16444,"date":"2020-04-11T10:00:35","date_gmt":"2020-04-11T08:00:35","guid":{"rendered":"https:\/\/gifted-nightingale.82-223-11-116.plesk.page\/?post_type=product&#038;p=16444"},"modified":"2022-12-12T19:41:17","modified_gmt":"2022-12-12T18:41:17","slug":"ensemble-fontana","status":"publish","type":"product","link":"https:\/\/reyma-mobiliario.com\/fr\/productos\/ensemble-fontana\/","title":{"rendered":"Ensemble Fontana"},"content":{"rendered":"<p>Visitez chaque produit pour plus d&rsquo;informations.<\/p>\n","protected":false},"excerpt":{"rendered":"<p>Fauteuils Fontana avec structure en aluminium peint d\u00e9co bambou ou d\u00e9co etna; et si\u00e8ges en textil\u00e8ne.<\/p>\n<p>Table avec cadre en aluminium d\u00e9co bambou ou noyer<br \/>\nTable Finlande avec structure en aluminium peint graphite.<\/p>\n","protected":false},"featured_media":16469,"template":"","meta":[],"product_brand":[],"product_cat":[1103,1104],"product_tag":[1157],"class_list":{"0":"post-16444","1":"product","2":"type-product","3":"status-publish","4":"has-post-thumbnail","6":"product_cat-ensembles","7":"product_cat-ensembles-dexterieur","8":"product_tag-ensembles","10":"first","11":"instock","12":"shipping-taxable","13":"product-type-simple"},"aioseo_notices":[],"_links":{"self":[{"href":"https:\/\/reyma-mobiliario.com\/fr\/wp-json\/wp\/v2\/product\/16444","targetHints":{"allow":["GET"]}}],"collection":[{"href":"https:\/\/reyma-mobiliario.com\/fr\/wp-json\/wp\/v2\/product"}],"about":[{"href":"https:\/\/reyma-mobiliario.com\/fr\/wp-json\/wp\/v2\/types\/product"}],"wp:featuredmedia":[{"embeddable":true,"href":"https:\/\/reyma-mobiliario.com\/fr\/wp-json\/wp\/v2\/media\/16469"}],"wp:attachment":[{"href":"https:\/\/reyma-mobiliario.com\/fr\/wp-json\/wp\/v2\/media?parent=16444"}],"wp:term":[{"taxonomy":"product_brand","embeddable":true,"href":"https:\/\/reyma-mobiliario.com\/fr\/wp-json\/wp\/v2\/product_brand?post=16444"},{"taxonomy":"product_cat","embeddable":true,"href":"https:\/\/reyma-mobiliario.com\/fr\/wp-json\/wp\/v2\/product_cat?post=16444"},{"taxonomy":"product_tag","embeddable":true,"href":"https:\/\/reyma-mobiliario.com\/fr\/wp-json\/wp\/v2\/product_tag?post=16444"}],"curies":[{"name":"wp","href":"https:\/\/api.w.org\/{rel}","templated":true}]}}