{"id":16699,"date":"2020-10-09T10:00:37","date_gmt":"2020-05-25T16:08:29","guid":{"rendered":"https:\/\/gifted-nightingale.82-223-11-116.plesk.page\/?post_type=product&#038;p=16699"},"modified":"2023-11-13T12:12:42","modified_gmt":"2023-11-13T11:12:42","slug":"table-finlandia-5000","status":"publish","type":"product","link":"https:\/\/reyma-mobiliario.com\/fr\/productos\/table-finlandia-5000\/","title":{"rendered":"Table Finlandia Pi. 5000"},"content":{"rendered":"<p>Table avec syst\u00e8me de <strong>pliage<\/strong> int\u00e9gr\u00e9 dans toutes ses versions. Table \u00e0 structure en aluminium pour l&rsquo;ext\u00e9rieur avec plateau carr\u00e9 ou rond.<\/p>\n","protected":false},"excerpt":{"rendered":"<p><strong> Hauteur: <\/strong> 75 cm<\/p>\n<p><strong> Mat\u00e9riaux <\/strong>:<br \/>\nStructure en aluminium peint graphite ou noir avec syst\u00e8me de pliage<\/p>\n<p>plateaux werzalit ou Compact<\/p>\n<p><strong> Dimensions du tableau <\/strong><br \/>\n60&#215;60, 70&#215;70 et 80&#215;80<\/p>\n","protected":false},"featured_media":22602,"template":"","meta":[],"product_brand":[],"product_cat":[1106,1110],"product_tag":[1144,1168,1138,1239,1779,1166],"class_list":{"0":"post-16699","1":"product","2":"type-product","3":"status-publish","4":"has-post-thumbnail","6":"product_cat-exterieur","7":"product_cat-tables-dexterieur","8":"product_tag-aluminium","9":"product_tag-mobilier-dexterieur","10":"product_tag-pliable","11":"product_tag-serie-finlandia-fr","12":"product_tag-systeme-de-pliage","13":"product_tag-tables-fr","15":"first","16":"instock","17":"shipping-taxable","18":"product-type-variable"},"aioseo_notices":[],"_links":{"self":[{"href":"https:\/\/reyma-mobiliario.com\/fr\/wp-json\/wp\/v2\/product\/16699","targetHints":{"allow":["GET"]}}],"collection":[{"href":"https:\/\/reyma-mobiliario.com\/fr\/wp-json\/wp\/v2\/product"}],"about":[{"href":"https:\/\/reyma-mobiliario.com\/fr\/wp-json\/wp\/v2\/types\/product"}],"wp:featuredmedia":[{"embeddable":true,"href":"https:\/\/reyma-mobiliario.com\/fr\/wp-json\/wp\/v2\/media\/22602"}],"wp:attachment":[{"href":"https:\/\/reyma-mobiliario.com\/fr\/wp-json\/wp\/v2\/media?parent=16699"}],"wp:term":[{"taxonomy":"product_brand","embeddable":true,"href":"https:\/\/reyma-mobiliario.com\/fr\/wp-json\/wp\/v2\/product_brand?post=16699"},{"taxonomy":"product_cat","embeddable":true,"href":"https:\/\/reyma-mobiliario.com\/fr\/wp-json\/wp\/v2\/product_cat?post=16699"},{"taxonomy":"product_tag","embeddable":true,"href":"https:\/\/reyma-mobiliario.com\/fr\/wp-json\/wp\/v2\/product_tag?post=16699"}],"curies":[{"name":"wp","href":"https:\/\/api.w.org\/{rel}","templated":true}]}}