{"id":16714,"date":"2015-10-06T10:51:42","date_gmt":"2019-12-22T10:00:42","guid":{"rendered":"https:\/\/gifted-nightingale.82-223-11-116.plesk.page\/?post_type=product&#038;p=16714"},"modified":"2023-11-13T13:24:02","modified_gmt":"2023-11-13T12:24:02","slug":"mesa-oslo-rectangular","status":"publish","type":"product","link":"https:\/\/reyma-mobiliario.com\/fr\/productos\/mesa-oslo-rectangular\/","title":{"rendered":"Table Oslo Rectangulaire 9711"},"content":{"rendered":"<p>La table avec pied en aluminium disponible en deux couleurs convient pour l&rsquo;int\u00e9rieur et l&rsquo;ext\u00e9rieur. Le syst\u00e8me de pliage permet aux tables d&rsquo;\u00eatre empil\u00e9es pour le stockage, occupant ainsi moins d&rsquo;espace.<\/p>\n","protected":false},"excerpt":{"rendered":"<p><strong> Hauteur: <\/strong> 75 cm<\/p>\n<p><strong> Mat\u00e9riaux <\/strong>:<br \/>\nPied en aluminium peint gris ou graphite<br \/>\nPossibilit\u00e9 d&rsquo;incorporer des contrepoids en fer pour augmenter la stabilit\u00e9.<br \/>\nplateaux: werzalit ou Compact<\/p>\n<p><strong> Dimensions du tableau: <\/strong><br \/>\n100&#215;60, 110&#215;70 et 120&#215;80<\/p>\n","protected":false},"featured_media":22847,"template":"","meta":[],"product_brand":[],"product_cat":[1106,1114,1110,1119],"product_tag":[1144,1168,1169,1295,1166],"class_list":{"0":"post-16714","1":"product","2":"type-product","3":"status-publish","4":"has-post-thumbnail","6":"product_cat-exterieur","7":"product_cat-interieur","8":"product_cat-tables-dexterieur","9":"product_cat-tables-dinterieur","10":"product_tag-aluminium","11":"product_tag-mobilier-dexterieur","12":"product_tag-mobilier-interieur","13":"product_tag-serie-oslo-fr","14":"product_tag-tables-fr","16":"first","17":"instock","18":"shipping-taxable","19":"product-type-variable"},"aioseo_notices":[],"_links":{"self":[{"href":"https:\/\/reyma-mobiliario.com\/fr\/wp-json\/wp\/v2\/product\/16714","targetHints":{"allow":["GET"]}}],"collection":[{"href":"https:\/\/reyma-mobiliario.com\/fr\/wp-json\/wp\/v2\/product"}],"about":[{"href":"https:\/\/reyma-mobiliario.com\/fr\/wp-json\/wp\/v2\/types\/product"}],"wp:featuredmedia":[{"embeddable":true,"href":"https:\/\/reyma-mobiliario.com\/fr\/wp-json\/wp\/v2\/media\/22847"}],"wp:attachment":[{"href":"https:\/\/reyma-mobiliario.com\/fr\/wp-json\/wp\/v2\/media?parent=16714"}],"wp:term":[{"taxonomy":"product_brand","embeddable":true,"href":"https:\/\/reyma-mobiliario.com\/fr\/wp-json\/wp\/v2\/product_brand?post=16714"},{"taxonomy":"product_cat","embeddable":true,"href":"https:\/\/reyma-mobiliario.com\/fr\/wp-json\/wp\/v2\/product_cat?post=16714"},{"taxonomy":"product_tag","embeddable":true,"href":"https:\/\/reyma-mobiliario.com\/fr\/wp-json\/wp\/v2\/product_tag?post=16714"}],"curies":[{"name":"wp","href":"https:\/\/api.w.org\/{rel}","templated":true}]}}